{"id":1682,"date":"2024-07-01T14:08:58","date_gmt":"2024-07-01T12:08:58","guid":{"rendered":"https:\/\/falgasbarrabeig.com\/politica-de-cookies\/"},"modified":"2024-07-10T13:31:46","modified_gmt":"2024-07-10T11:31:46","slug":"politica-de-cookies","status":"publish","type":"page","link":"https:\/\/falgasbarrabeig.com\/ca\/politica-de-cookies\/","title":{"rendered":"Pol\u00edtica de cookies"},"content":{"rendered":"\t\t<div data-elementor-type=\"wp-page\" data-elementor-id=\"1682\" class=\"elementor elementor-1682 elementor-946\" data-elementor-post-type=\"page\">\n\t\t\t\t<div class=\"elementor-element elementor-element-3324009d e-flex e-con-boxed e-con e-parent\" data-id=\"3324009d\" data-element_type=\"container\" data-e-type=\"container\">\n\t\t\t\t\t<div class=\"e-con-inner\">\n\t\t\t\t<div class=\"elementor-element elementor-element-488f906c elementor-widget elementor-widget-text-editor\" data-id=\"488f906c\" data-element_type=\"widget\" data-e-type=\"widget\" data-widget_type=\"text-editor.default\">\n\t\t\t\t<div class=\"elementor-widget-container\">\n\t\t\t\t\t\t\t\t\t<p><\/p>\n<p><strong>1. Qu\u00e8 s\u00f3n les cookies?<br><\/strong>&nbsp;Una cookie \u00e9s un arxiu que es descarrega en el seu ordinador en accedir a determinades p\u00e0gines web. Les cookies permeten a una p\u00e0gina web, entre altres coses, emmagatzemar i recuperar informaci\u00f3 sobre els h\u00e0bits de navegaci\u00f3 de l&#8217;usuari o del seu ordinador i, depenent de la informaci\u00f3 que continguin i de la forma en qu\u00e8 s&#8217;utilitzi el seu ordinador, poden utilitzar-se per a recon\u00e8ixer a l&#8217;usuari.<\/p>\n<p><\/p>\n<p><\/p>\n<p><strong>2. Quines tipologies de cookies utilitza aquesta p\u00e0gina web?<\/strong><\/p>\n<p><\/p>\n<p><\/p>\n<ul><p><\/p>\n<li>Cookies de personalitzaci\u00f3 d&#8217;interf\u00edcie d&#8217;usuari: Aquesta p\u00e0gina web cont\u00e9 una cookie de \u201cllengua de prefer\u00e8ncia\u201d que s&#8217;utilitza per a recordar la llengua seleccionada. Se sol utilitzar aquest tipus de cookies en portals multiling\u00fces.<br>&nbsp;<\/li>\n<p><\/p>\n<p><\/p>\n<li>Cookies t\u00e8cniques: S\u00f3n aquelles que permeten a l&#8217;usuari la navegaci\u00f3 a trav\u00e9s de la p\u00e0gina web o aplicaci\u00f3 i la utilitzaci\u00f3 de les diferents opcions o serveis que en ella existeixen. Per exemple, controlar el tr\u00e0nsit i la comunicaci\u00f3 de dades, identificar la sessi\u00f3, accedir a les parts web d&#8217;acc\u00e9s restringit, recordar els elements que integren una comanda, realitzar la sol\u00b7licitud d&#8217;inscripci\u00f3 o participaci\u00f3 en un esdeveniment, utilitzar elements de seguretat durant la navegaci\u00f3 i emmagatzemar continguts per a la difusi\u00f3 de v\u00eddeos o so o compartir continguts a trav\u00e9s de les xarxes socials.<br>&nbsp;<\/li>\n<p><\/p>\n<p><\/p>\n<li>Cookies d&#8217;an\u00e0lisis: S\u00f3n aquelles que permeten al responsable d&#8217;aquestes, el seguiment i an\u00e0lisi del comportament dels usuaris dels llocs web als quals estan vinculades. La informaci\u00f3 recollida mitjan\u00e7ant aquesta mena de cookies s&#8217;utilitza en el mesurament de l&#8217;activitat dels llocs web, aplicaci\u00f3 o plataforma i per a l&#8217;elaboraci\u00f3 de perfils de navegaci\u00f3 dels usuaris d&#8217;aquests llocs, aplicacions i plataformes, amb la finalitat d&#8217;introduir millores en funci\u00f3 de l&#8217;an\u00e0lisi de les dades d&#8217;\u00fas que fan els usuaris del servei.<\/li>\n<p><\/p><\/ul>\n<p><\/p>\n<p><\/p>\n<p><strong>3. Com desactivar o eliminar les cookies?<\/strong><\/p>\n<p><\/p>\n<p><\/p>\n<p>Es pot permetre bloquejar o eliminar les cookies instal\u00b7lades del seu ordinador mitjan\u00e7ant la configuraci\u00f3 de les opcions del navegador que t\u00e9 instal\u00b7lat. A continuaci\u00f3 es mostren els passos a asseguran\u00e7a per a desactivar o eliminar les cookies en els principals navegadors:<\/p>\n<p><\/p>\n<p><\/p>\n<ul><p><\/p>\n<li>Per a configurar els permisos relacionats amb les cookies instal\u00b7lades en el navegador Google Chrome pot pr\u00e9mer en el seg\u00fcent &nbsp;<a href=\"https:\/\/support.google.com\/chrome\/answer\/95647?hl=es\" target=\"_blank\" rel=\"noreferrer noopener\">enlla\u00e7<\/a>.<br>&nbsp;<\/li>\n<p><\/p>\n<p><\/p>\n<li>Per a configurar els permisos relacionats amb les cookies instal\u00b7lades en el navegador Mozilla Firefox pot pr\u00e9mer en el seg\u00fcent &nbsp;<a href=\"https:\/\/support.mozilla.org\/es\/kb\/habilitar-y-deshabilitar-cookies-que-los-sitios-we\" target=\"_blank\" rel=\"noreferrer noopener\">enlla\u00e7<\/a>.<br>&nbsp;<\/li>\n<p><\/p>\n<p><\/p>\n<li>Per a configurar els permisos relacionats amb les cookies instal\u00b7lades en el navegador Microsoft Internet Explorer pot pr\u00e9mer en el seg\u00fcent &nbsp;<a href=\"https:\/\/support.microsoft.com\/es-es\/help\/17442\/windows-internet-explorer-delete-manage-cookies\" target=\"_blank\" rel=\"noreferrer noopener\">enlla\u00e7<\/a>.<br>&nbsp;<\/li>\n<p><\/p>\n<p><\/p>\n<li>Per a configurar els permisos relacionats amb les cookies instal\u00b7lades en el navegador Safari pot pr\u00e9mer en el seg\u00fcent &nbsp;<a href=\"http:\/\/support.apple.com\/kb\/HT1677?viewlocale=es_ES\" target=\"_blank\" rel=\"noreferrer noopener\">enlla\u00e7<\/a>.<\/li>\n<p><\/p><\/ul>\n<p><\/p>\n<p><\/p>\n<p><strong>ATENCI\u00d3:<\/strong>&nbsp;En cas de bloqueig les cookies del seu navegador \u00e9s possible que determinats serveis o funcionalitats de la p\u00e0gina web no es trobin disponibles.<\/p>\n<p><\/p>\t\t\t\t\t\t\t\t<\/div>\n\t\t\t\t<\/div>\n\t\t\t\t\t<\/div>\n\t\t\t\t<\/div>\n\t\t<div class=\"elementor-element elementor-element-21a1dd7 e-flex e-con-boxed e-con e-parent\" data-id=\"21a1dd7\" data-element_type=\"container\" data-e-type=\"container\">\n\t\t\t\t\t<div class=\"e-con-inner\">\n\t\t\t\t<div class=\"elementor-element elementor-element-fa2e229 elementor-widget elementor-widget-spacer\" data-id=\"fa2e229\" data-element_type=\"widget\" data-e-type=\"widget\" data-widget_type=\"spacer.default\">\n\t\t\t\t<div class=\"elementor-widget-container\">\n\t\t\t\t\t\t\t<div class=\"elementor-spacer\">\n\t\t\t<div class=\"elementor-spacer-inner\"><\/div>\n\t\t<\/div>\n\t\t\t\t\t\t<\/div>\n\t\t\t\t<\/div>\n\t\t\t\t\t<\/div>\n\t\t\t\t<\/div>\n\t\t<div class=\"elementor-element elementor-element-21a4219 e-flex e-con-boxed e-con e-parent\" data-id=\"21a4219\" data-element_type=\"container\" data-e-type=\"container\">\n\t\t\t\t\t<div class=\"e-con-inner\">\n\t\t\t\t\t<\/div>\n\t\t\t\t<\/div>\n\t\t\t\t<\/div>\n\t\t","protected":false},"excerpt":{"rendered":"<p>1. Qu\u00e8 s\u00f3n les cookies?&nbsp;Una cookie \u00e9s un arxiu que es descarrega en el seu ordinador en accedir a determinades p\u00e0gines web. Les cookies permeten a una p\u00e0gina web, entre altres coses, emmagatzemar i recuperar informaci\u00f3 sobre els h\u00e0bits de navegaci\u00f3 de l&#8217;usuari o del seu ordinador i, depenent de la informaci\u00f3 que continguin i [&hellip;]<\/p>\n","protected":false},"author":1,"featured_media":0,"parent":0,"menu_order":0,"comment_status":"closed","ping_status":"open","template":"","meta":{"_acf_changed":false,"footnotes":""},"class_list":["post-1682","page","type-page","status-publish","hentry"],"acf":[],"_links":{"self":[{"href":"https:\/\/falgasbarrabeig.com\/ca\/wp-json\/wp\/v2\/pages\/1682","targetHints":{"allow":["GET"]}}],"collection":[{"href":"https:\/\/falgasbarrabeig.com\/ca\/wp-json\/wp\/v2\/pages"}],"about":[{"href":"https:\/\/falgasbarrabeig.com\/ca\/wp-json\/wp\/v2\/types\/page"}],"author":[{"embeddable":true,"href":"https:\/\/falgasbarrabeig.com\/ca\/wp-json\/wp\/v2\/users\/1"}],"replies":[{"embeddable":true,"href":"https:\/\/falgasbarrabeig.com\/ca\/wp-json\/wp\/v2\/comments?post=1682"}],"version-history":[{"count":0,"href":"https:\/\/falgasbarrabeig.com\/ca\/wp-json\/wp\/v2\/pages\/1682\/revisions"}],"wp:attachment":[{"href":"https:\/\/falgasbarrabeig.com\/ca\/wp-json\/wp\/v2\/media?parent=1682"}],"curies":[{"name":"wp","href":"https:\/\/api.w.org\/{rel}","templated":true}]}}