{"id":1683,"date":"2024-07-01T14:08:27","date_gmt":"2024-07-01T12:08:27","guid":{"rendered":"https:\/\/falgasbarrabeig.com\/aviso-legal\/"},"modified":"2024-07-11T10:33:46","modified_gmt":"2024-07-11T08:33:46","slug":"aviso-legal","status":"publish","type":"page","link":"https:\/\/falgasbarrabeig.com\/ca\/aviso-legal\/","title":{"rendered":"Av\u00eds legal"},"content":{"rendered":"\t\t<div data-elementor-type=\"wp-page\" data-elementor-id=\"1683\" class=\"elementor elementor-1683 elementor-944\" data-elementor-post-type=\"page\">\n\t\t\t\t<div class=\"elementor-element elementor-element-6afa3899 e-flex e-con-boxed e-con e-parent\" data-id=\"6afa3899\" data-element_type=\"container\" data-e-type=\"container\">\n\t\t\t\t\t<div class=\"e-con-inner\">\n\t\t\t\t<div class=\"elementor-element elementor-element-25966f7f elementor-widget elementor-widget-text-editor\" data-id=\"25966f7f\" data-element_type=\"widget\" data-e-type=\"widget\" data-widget_type=\"text-editor.default\">\n\t\t\t\t<div class=\"elementor-widget-container\">\n\t\t\t\t\t\t\t\t\t<p><\/p>\n<h1><strong style=\"color: var( --e-global-color-text ); font-family: var( --e-global-typography-text-font-family ), Sans-serif; text-align: var(--text-align); font-size: 1rem;\">1. Titularitat de la web<\/strong><\/h1>\n<p><\/p>\n<p><\/p>\n<p>Amb la finalitat de donar compliment a l&#8217;article 10 de la Llei 34\/2002, de Serveis de la Societat de la Informaci\u00f3 i de Comer\u00e7 Electr\u00f2nic, informem els usuaris de les nostres dades identificatives i de contacte: <\/p>\n<p><\/p>\n<p><\/p>\n<ul>\n<li style=\"list-style-type: none;\">\n<ul><\/ul>\n<\/li>\n<\/ul>\n<ul>\n<li style=\"list-style-type: none;\">\n<ul>\n<li>Nom o Denominaci\u00f3 comercial: FB LEGAL SLP<\/li>\n<\/ul>\n<\/li>\n<\/ul>\n<p><\/p>\n<p><\/p>\n<ul>\n<li style=\"list-style-type: none;\">\n<ul>\n<li>Domicili a efectes de notificaci\u00f3: C\/ C\u00f2rsega, 300, 2n 2a A, 08008, Barcelona<\/li>\n<\/ul>\n<\/li>\n<\/ul>\n<p><\/p>\n<p><\/p>\n<ul>\n<li style=\"list-style-type: none;\">\n<ul>\n<li>NIF: B13816947<\/li>\n<\/ul>\n<\/li>\n<\/ul>\n<p><\/p>\n<p><\/p>\n<ul>\n<li style=\"list-style-type: none;\">\n<ul>\n<li>Tel\u00e8fon: 603034965<\/li>\n<\/ul>\n<\/li>\n<\/ul>\n<p><\/p>\n<p><\/p>\n<ul>\n<li style=\"list-style-type: none;\">\n<ul>\n<li>E-Mail: <a href=\"mailto:INFO@FALGASBARRABEIG.COM\">info@falgasbarrabeig.com<\/a><\/li>\n<\/ul>\n<\/li>\n<\/ul>\n<p><\/p>\n<p><\/p>\n<p><\/p>\n<p>El present av\u00eds legal regula l&#8217;\u00fas del domini web <a href=\"http:\/\/www.falgasbarrabeig.com\/\" target=\"_blank\" rel=\"noreferrer noopener\">www.falgasbarrabeig.com<\/a> del qual \u00e9s titular FB LEGAL SLP.<\/p>\n<p><\/p>\n<p><\/p>\n<p><strong>2. \u00das i acc\u00e9s d&#8217;Usuaris<\/strong><\/p>\n<p><\/p>\n<p><\/p>\n<p>S&#8217;informa l&#8217;usuari de la present web que l&#8217;acc\u00e9s a la mateixa suposa l&#8217;acceptaci\u00f3 plena i sense reserves de totes i cadascuna de les condicions incloses en el present av\u00eds legal. La utilitzaci\u00f3 de la web t\u00e9 car\u00e0cter gratu\u00eft, no exigeix subscripci\u00f3 i no implica l&#8217;establiment de cap relaci\u00f3 comercial amb FB LEGAL SLP.<\/p>\n<p><\/p>\n<p><\/p>\n<p>L&#8217;usuari de la web es compromet a la utilitzaci\u00f3 del lloc web de conformitat amb el que es disposa en la Llei i el present Av\u00eds Legal, segons els bons costums i l&#8217;ordre p\u00fablic. Igualment s&#8217;obliga a no utilitzar el portal i els seus continguts amb finalitats o efectes il\u00b7l\u00edcits, lesius dels drets de FB LEGAL SLP, o de tercers o que de qualsevol altra forma puguin danyar, sobrecarregar, inutilitzar o deteriorar el lloc web i\/o els seus continguts i\/o el servei de FB LEGAL SLP, o impossibiliti la normal utilitzaci\u00f3 o gaudi d&#8217;aquests per part d&#8217;altres persones. La responsabilitat derivada del mal \u00fas realitzat sobre els continguts de la present web recaur\u00e0 exclusivament sobre l&#8217;Usuari que accedeixi a ells, quedant FB LEGAL SLP, exonerat de qualsevol tipus de responsabilitat sobre aquest tema.<\/p>\n<p><\/p>\n<p><\/p>\n<p>Queda prohibida la manipulaci\u00f3 de les dades identificatives de FB LEGAL SLP, continguts en el present espai web aix\u00ed com la dels elements t\u00e8cnics, dels continguts, de la informaci\u00f3 i en general de la configuraci\u00f3 de l&#8217;espai web.<\/p>\n<p><\/p>\n<p><\/p>\n<p><strong>3. Actualitzaci\u00f3 i modificaci\u00f3 de la p\u00e0gina web<\/strong><\/p>\n<p><\/p>\n<p><\/p>\n<p>FB LEGAL SLP, es reserva el dret a actualitzar, modificar o eliminar la informaci\u00f3 continguda en el seu web.<\/p>\n<p><\/p>\n<p><\/p>\n<p><strong>4. Contingut de la web i enlla\u00e7os<\/strong><\/p>\n<p><\/p>\n<p><\/p>\n<p class=\"has-text-align-left\">La finalitat de FB LEGAL SLP amb aquesta web \u00e9s presentar la seva activitat com a signatura dedicada a la prestaci\u00f3 de serveis jur\u00eddics a nivell local, nacional i internacional, aix\u00ed com a l&#8217;assessorament global.<\/p>\n<p><\/p>\n<p><\/p>\n<p>FB LEGAL SLP no es fa responsable del mal \u00fas que es realitzi dels continguts de la Web, sent exclusiva responsabilitat de l&#8217;Usuari que accedeix a ells o els utilitza.<\/p>\n<p><\/p>\n<p><\/p>\n<p>FB LEGAL SLP no es fa responsable per la informaci\u00f3 que continguin les p\u00e0gines web de tercers a les quals es pugui accedir a trav\u00e9s dels links o enlla\u00e7os que la web de FB LEGAL SLP ofereixi, sent exclusiva responsabilitat de l&#8217;Usuari que accedeix a ells o els utilitza. L&#8217;exist\u00e8ncia de links o enlla\u00e7os inclosos en la web de FB LEGAL SLP t\u00e9 finalitat merament informativa respecte de l&#8217;exist\u00e8ncia d&#8217;altres fonts d&#8217;informaci\u00f3 relacionada. El contingut i la gesti\u00f3 de les p\u00e0gines web vinculades a trav\u00e9s dels enlla\u00e7os inclosos en la web de FB LEGAL SLP, es regir\u00e0 sota les condicions d&#8217;aquelles, declinant FB LEGAL SLP qualsevol responsabilitat sobre aquest tema.<\/p>\n<p><\/p>\n<p><\/p>\n<p><strong>5. Formularis de recollida de dades<\/strong><\/p>\n<p><\/p>\n<p><\/p>\n<p>La utilitzaci\u00f3 de determinades sol\u00b7licituds dirigides a FB LEGAL SLP requereix del previ emplenament de formularis de la web. La informaci\u00f3 que l&#8217;Usuari faciliti a FB LEGAL SLP a trav\u00e9s d&#8217;aquests formularis haur\u00e0 de ser exacta i vera\u00e7. L&#8217;usuari garanteix l&#8217;autenticitat de totes les dades que comuniqui i mantindr\u00e0 actualitzada la informaci\u00f3 donada a FB LEGAL SLP, a fi que correspongui, en tot moment, amb la situaci\u00f3 real de l&#8217;Usuari. En el sup\u00f2sit de manifestacions inexactes, incompletes o falses comunicades per l&#8217;Usuari, aquest ser\u00e0 l&#8217;\u00fanic responsable pels perjudicis que a causa d&#8217;aix\u00f2 es poguessin causar a FB LEGAL SLP, o a tercers.<\/p>\n<p><\/p>\n<p><\/p>\n<p>Les dades recaptades a trav\u00e9s dels formularis de recollida de dades de la web s&#8217;incorporaran als fitxers de dades de car\u00e0cter personal del qual \u00e9s responsable FB LEGAL SLP. Aquesta entitat tractar\u00e0 les dades de manera confidencial i exclusivament amb la finalitat de gestionar les candidatures d&#8217;ocupaci\u00f3 aix\u00ed com els suggeriments i consultes que es rebin a trav\u00e9s de la web.<\/p>\n<p><\/p>\n<p><\/p>\n<p>L&#8217;Usuari podr\u00e0 exercir els drets d&#8217;acc\u00e9s, rectificaci\u00f3, cancel\u00b7laci\u00f3 i oposici\u00f3 dirigint-se a aquest efecte a la direcci\u00f3 assenyalada en apartat 1 del present av\u00eds.<\/p>\n<p><\/p>\n<p><\/p>\n<p>FB LEGAL SLP adopta els nivells de seguretat t\u00e8cnics i organitzatius exigits per la Llei org\u00e0nica 15\/1999, de 13 de desembre, de Protecci\u00f3 de Dades de Car\u00e0cter Personal i el seu Reglament de desenvolupament.<\/p>\n<p><\/p>\n<p><\/p>\n<p><strong>6. Cookies<\/strong><\/p>\n<p><\/p>\n<p><\/p>\n<p>Les cookies s\u00f3n procediments autom\u00e0tics que algunes p\u00e0gines web emmagatzemen en l&#8217;ordinador quan es visiten i que es retornen al servidor que les va crear en realitzar la seg\u00fcent visita. La web no emmagatzema cookies.<\/p>\n<p><\/p>\n<p><\/p>\n<p><strong>7. Propietat intel\u00b7lectual i industrial<\/strong><\/p>\n<p><\/p>\n<p><\/p>\n<p>Els continguts del lloc web <a href=\"http:\/\/www.falgasbarrabeig.com\/\" target=\"_blank\" rel=\"noreferrer noopener\">www.falgasbarrabeig.com<\/a> (disseny gr\u00e0fic, logos, imatges, icones, tecnologia, programari, links i codis font aix\u00ed com el desenvolupament de la web) s\u00f3n de propietat exclusiva de FB LEGAL SLP i per tant queda prohibida la seva reproducci\u00f3, distribuci\u00f3, comunicaci\u00f3 p\u00fablica, transformaci\u00f3 o qualsevol altra activitat que es pugui realitzar amb els continguts de la seva p\u00e0gina web ni fins i tot citant les fonts, excepte consentiment escrit de FB LEGAL SLP, autoritzant expressament aquests o qualsevol altra modalitat d&#8217;explotaci\u00f3 sobre els drets dels quals FB LEGAL SLP, \u00e9s titular.<\/p>\n<p><\/p>\n<p><\/p>\n<p><strong>8. Limitaci\u00f3 de garanties i responsabilitats<\/strong><\/p>\n<p><\/p>\n<p><\/p>\n<p>FB LEGAL SLP, s&#8217;eximeix de qualsevol tipus de responsabilitat pels danys i perjudicis que puguin derivar-se de problemes t\u00e8cnics, de la pres\u00e8ncia de virus o d&#8217;altres elements que puguin ocasionar fallades o alteracions en els seus equips inform\u00e0tics i fitxers o documents emmagatzemats en els sistemes inform\u00e0tics dels usuaris del lloc web. Igualment, FB LEGAL SLP, no es responsabilitza dels danys que poguessin causar terceres persones o fonts alienes.<\/p>\n<p><\/p>\n<p><\/p>\n<p><strong>9. Protecci\u00f3 de dades de car\u00e0cter personal<\/strong><\/p>\n<p><\/p>\n<p><\/p>\n<p>El Titular ha adoptat totes les mesures de seguretat, tant t\u00e8cniques com organitzatives, exigides per la normativa en protecci\u00f3 de dades, m\u00e9s concretament segons Llei org\u00e0nica 3\/2018 de Protecci\u00f3 de Dades Personals i garantia dels drets digitals i el Reglament 2016\/679 Europeu de Protecci\u00f3 de Dades.<\/p>\n<p><\/p>\n<p><\/p>\n<p>FB LEGAL SLP com a titular d&#8217;aquest Lloc web, informa els Usuaris del mateix que \u00e9s el responsable dels tractaments que es realitzin mitjan\u00e7ant els seus usos, tret que expressament s&#8217;informi d&#8217;altres condicions en un tractament concret.<\/p>\n<p><\/p>\n<p><\/p>\n<p>De conformitat amb el que s&#8217;estableix en la legislaci\u00f3 aplicable en mat\u00e8ria de protecci\u00f3 de dades, FB LEGAL SLP respecta la privacitat dels Usuaris i el secret i seguretat de les dades personals, adoptant per a aix\u00f2 les mesures t\u00e8cniques i organitzatives necess\u00e0ries per a evitar la p\u00e8rdua, mal \u00fas, alteraci\u00f3, acc\u00e9s no autoritzat i robatori de les dades personals facilitades, tenint en compte l&#8217;estat de la tecnologia, la naturalesa de les dades i els riscos als quals estan exposats.<\/p>\n<p><\/p>\n<p><\/p>\n<p>Les dades personals dels Usuaris del lloc web de FB LEGAL SLP, nom\u00e9s s&#8217;obtindran per a ser tractats quan siguin adequats, pertinents i no excessius en relaci\u00f3 amb l&#8217;\u00e0mbit i les finalitats determinades, expl\u00edcites, consentides i\/o leg\u00edtimes per a les quals s&#8217;hagin recaptat. Quan es recaptin dades personals a trav\u00e9s d&#8217;aquest lloc web, s&#8217;informar\u00e0 pr\u00e8viament l&#8217;Usuari de manera clara i inequ\u00edvoca de les circumst\u00e0ncies relatives al tractament de les seves dades.<\/p>\n<p><\/p>\n<p><\/p>\n<p>A tal fi, FB LEGAL SLP proporcionar\u00e0 a l&#8217;Usuari els recursos t\u00e8cnics necessaris perqu\u00e8, amb car\u00e0cter previ i des dels mateixos formularis de recollida de dades d&#8217;aquesta Web, pugui accedir i acceptar la Pol\u00edtica de Privacitat d&#8217;aquesta Web abans de donar el seu consentiment per a aquests tractaments.<\/p>\n<p><\/p>\n<p><\/p>\n<p>En tot cas, l&#8217;Usuari respon de la veracitat de les dades facilitades, reservant-se FB LEGAL SLP el dret de rebutjar les comunicacions que hagin facilitat dades falses o inexactes.<\/p>\n<p><\/p>\n<p><\/p>\n<p>Podr\u00e0 trobar-se tota la informaci\u00f3 referent a aix\u00f2 en l&#8217;apartat denominat Pol\u00edtica de privacitat.<\/p>\n<p><\/p>\n<p><\/p>\n<p><strong>10. Llei i jurisdicci\u00f3<\/strong><\/p>\n<p><\/p>\n<p><\/p>\n<p>Les relacions en protecci\u00f3 de dades que s&#8217;estableixin entre FB LEGAL SLP, i els Usuaris d&#8217;aquesta web, se sotmetran a la legislaci\u00f3 i jurisdicci\u00f3 espanyola.<\/p>\n<p><\/p>\t\t\t\t\t\t\t\t<\/div>\n\t\t\t\t<\/div>\n\t\t\t\t\t<\/div>\n\t\t\t\t<\/div>\n\t\t<div class=\"elementor-element elementor-element-1a95d35 e-flex e-con-boxed e-con e-parent\" data-id=\"1a95d35\" data-element_type=\"container\" data-e-type=\"container\">\n\t\t\t\t\t<div class=\"e-con-inner\">\n\t\t\t\t<div class=\"elementor-element elementor-element-dccea23 elementor-widget elementor-widget-spacer\" data-id=\"dccea23\" data-element_type=\"widget\" data-e-type=\"widget\" data-widget_type=\"spacer.default\">\n\t\t\t\t<div class=\"elementor-widget-container\">\n\t\t\t\t\t\t\t<div class=\"elementor-spacer\">\n\t\t\t<div class=\"elementor-spacer-inner\"><\/div>\n\t\t<\/div>\n\t\t\t\t\t\t<\/div>\n\t\t\t\t<\/div>\n\t\t\t\t\t<\/div>\n\t\t\t\t<\/div>\n\t\t\t\t<\/div>\n\t\t","protected":false},"excerpt":{"rendered":"<p>1. Titularitat de la web Amb la finalitat de donar compliment a l&#8217;article 10 de la Llei 34\/2002, de Serveis de la Societat de la Informaci\u00f3 i de Comer\u00e7 Electr\u00f2nic, informem els usuaris de les nostres dades identificatives i de contacte: Nom o Denominaci\u00f3 comercial: FB LEGAL SLP Domicili a efectes de notificaci\u00f3: C\/ C\u00f2rsega, [&hellip;]<\/p>\n","protected":false},"author":1,"featured_media":0,"parent":0,"menu_order":0,"comment_status":"closed","ping_status":"open","template":"","meta":{"_acf_changed":false,"footnotes":""},"class_list":["post-1683","page","type-page","status-publish","hentry"],"acf":[],"_links":{"self":[{"href":"https:\/\/falgasbarrabeig.com\/ca\/wp-json\/wp\/v2\/pages\/1683","targetHints":{"allow":["GET"]}}],"collection":[{"href":"https:\/\/falgasbarrabeig.com\/ca\/wp-json\/wp\/v2\/pages"}],"about":[{"href":"https:\/\/falgasbarrabeig.com\/ca\/wp-json\/wp\/v2\/types\/page"}],"author":[{"embeddable":true,"href":"https:\/\/falgasbarrabeig.com\/ca\/wp-json\/wp\/v2\/users\/1"}],"replies":[{"embeddable":true,"href":"https:\/\/falgasbarrabeig.com\/ca\/wp-json\/wp\/v2\/comments?post=1683"}],"version-history":[{"count":0,"href":"https:\/\/falgasbarrabeig.com\/ca\/wp-json\/wp\/v2\/pages\/1683\/revisions"}],"wp:attachment":[{"href":"https:\/\/falgasbarrabeig.com\/ca\/wp-json\/wp\/v2\/media?parent=1683"}],"curies":[{"name":"wp","href":"https:\/\/api.w.org\/{rel}","templated":true}]}}