{"id":1687,"date":"2024-06-13T15:36:59","date_gmt":"2024-06-13T13:36:59","guid":{"rendered":"https:\/\/falgasbarrabeig.com\/contacto\/"},"modified":"2024-11-14T15:30:54","modified_gmt":"2024-11-14T14:30:54","slug":"contacto","status":"publish","type":"page","link":"https:\/\/falgasbarrabeig.com\/ca\/contacto\/","title":{"rendered":"Contacte"},"content":{"rendered":"\t\t<div data-elementor-type=\"wp-page\" data-elementor-id=\"1687\" class=\"elementor elementor-1687 elementor-287\" data-elementor-post-type=\"page\">\n\t\t\t\t<div class=\"elementor-element elementor-element-c8f8f33 e-flex e-con-boxed e-con e-parent\" data-id=\"c8f8f33\" data-element_type=\"container\" data-e-type=\"container\">\n\t\t\t\t\t<div class=\"e-con-inner\">\n\t\t\t\t<div class=\"elementor-element elementor-element-297a6a2 elementor-widget elementor-widget-heading\" data-id=\"297a6a2\" data-element_type=\"widget\" data-e-type=\"widget\" data-widget_type=\"heading.default\">\n\t\t\t\t<div class=\"elementor-widget-container\">\n\t\t\t\t\t<h2 class=\"elementor-heading-title elementor-size-default\">Formulari<\/h2>\t\t\t\t<\/div>\n\t\t\t\t<\/div>\n\t\t\t\t<div class=\"elementor-element elementor-element-0a29645 elementor-button-align-stretch elementor-widget elementor-widget-form\" data-id=\"0a29645\" data-element_type=\"widget\" data-e-type=\"widget\" data-settings=\"{&quot;step_next_label&quot;:&quot;Seg\\u00fcent&quot;,&quot;step_previous_label&quot;:&quot;Anterior&quot;,&quot;button_width&quot;:&quot;100&quot;,&quot;step_type&quot;:&quot;number_text&quot;,&quot;step_icon_shape&quot;:&quot;circle&quot;}\" data-widget_type=\"form.default\">\n\t\t\t\t<div class=\"elementor-widget-container\">\n\t\t\t\t\t\t\t<form class=\"elementor-form\" method=\"post\" name=\"Contacte\">\n\t\t\t<input type=\"hidden\" name=\"post_id\" value=\"1687\"\/>\n\t\t\t<input type=\"hidden\" name=\"form_id\" value=\"0a29645\"\/>\n\t\t\t<input type=\"hidden\" name=\"referer_title\" value=\"Contacte - Falg\u00e1s Barrabeig Law\" \/>\n\n\t\t\t\t\t\t\t<input type=\"hidden\" name=\"queried_id\" value=\"1687\"\/>\n\t\t\t\n\t\t\t<div class=\"elementor-form-fields-wrapper elementor-labels-above\">\n\t\t\t\t\t\t\t\t<div class=\"elementor-field-type-text elementor-field-group elementor-column elementor-field-group-name elementor-col-100\">\n\t\t\t\t\t\t\t\t\t\t\t\t<label for=\"form-field-name\" class=\"elementor-field-label\">\n\t\t\t\t\t\t\t\tNom i cognoms\t\t\t\t\t\t\t<\/label>\n\t\t\t\t\t\t\t\t\t\t\t\t\t\t<input size=\"1\" type=\"text\" name=\"form_fields[name]\" id=\"form-field-name\" class=\"elementor-field elementor-size-xl  elementor-field-textual\" placeholder=\"Nom i cognoms\">\n\t\t\t\t\t\t\t\t\t\t\t<\/div>\n\t\t\t\t\t\t\t\t<div class=\"elementor-field-type-email elementor-field-group elementor-column elementor-field-group-email elementor-col-100 elementor-field-required elementor-mark-required\">\n\t\t\t\t\t\t\t\t\t\t\t\t<label for=\"form-field-email\" class=\"elementor-field-label\">\n\t\t\t\t\t\t\t\tCorreu electr\u00f2nic\t\t\t\t\t\t\t<\/label>\n\t\t\t\t\t\t\t\t\t\t\t\t\t\t<input size=\"1\" type=\"email\" name=\"form_fields[email]\" id=\"form-field-email\" class=\"elementor-field elementor-size-xl  elementor-field-textual\" placeholder=\"Correu electr\u00f2nic\" required=\"required\">\n\t\t\t\t\t\t\t\t\t\t\t<\/div>\n\t\t\t\t\t\t\t\t<div class=\"elementor-field-type-tel elementor-field-group elementor-column elementor-field-group-field_ed8c55e elementor-col-100 elementor-field-required elementor-mark-required\">\n\t\t\t\t\t\t\t\t\t\t\t\t<label for=\"form-field-field_ed8c55e\" class=\"elementor-field-label\">\n\t\t\t\t\t\t\t\tTel\u00e8fon\t\t\t\t\t\t\t<\/label>\n\t\t\t\t\t\t\t\t<input size=\"1\" type=\"tel\" name=\"form_fields[field_ed8c55e]\" id=\"form-field-field_ed8c55e\" class=\"elementor-field elementor-size-xl  elementor-field-textual\" placeholder=\"Tel\u00e8fon*\" required=\"required\" pattern=\"[0-9()#&amp;+*-=.]+\" title=\"Only numbers and phone characters (#, -, *, etc) are accepted.\">\n\n\t\t\t\t\t\t<\/div>\n\t\t\t\t\t\t\t\t<div class=\"elementor-field-type-textarea elementor-field-group elementor-column elementor-field-group-message elementor-col-100\">\n\t\t\t\t\t\t\t\t\t\t\t\t<label for=\"form-field-message\" class=\"elementor-field-label\">\n\t\t\t\t\t\t\t\tMissatge\t\t\t\t\t\t\t<\/label>\n\t\t\t\t\t\t<textarea class=\"elementor-field-textual elementor-field  elementor-size-xl\" name=\"form_fields[message]\" id=\"form-field-message\" rows=\"4\" placeholder=\"Missatge\"><\/textarea>\t\t\t\t<\/div>\n\t\t\t\t\t\t\t\t<div class=\"elementor-field-type-html elementor-field-group elementor-column elementor-field-group-field_a337488 elementor-col-100\">\n\t\t\t\t\t<style>\n    .dropdown-content {\n        display: none;\n        margin-bottom: 10px;\n    }\n    .toggle {\n        cursor: pointer;\n    }\n<\/style>\n<div id=\"proteccionDatos\">\n    <b class=\"toggle\" onclick=\"toggleDropdown('proteccionDatos')\">Informaci\u00f3 b\u00e0sica de protecci\u00f3 de dades [+]<\/b><br>\n    <div class=\"dropdown-content\"> Responsable del tractament: FALG\u00c0S&amp;BARRABEIG.<br>Finalitat: Proporcionar una adequada atenci\u00f3 i gesti\u00f3 de la sol\u00b7licitud d'acord amb la seva naturalesa.<br>Legitimitat: El consentiment atorgat en marcar la casella indicada en aquest formulari +info<br>Destinataris: Encarregats del tractament i Societats del Grup Serveis Integrals, Gesti\u00f3 Externes SLPU +info<br>Drets: Drets reconeguts a la normativa de protecci\u00f3 de dades i\/o revocaci\u00f3 del consentiment de la Pol\u00edtica de Privadesa<br>Informaci\u00f3 addicional: Podeu consultar la informaci\u00f3 addicional i detallada sobre protecci\u00f3 de dades <a href=\"https:\/\/falgasbarrabeig.com\/ca\/politica-privacidad\/\" style=\"color: black; text-decoration: underline; font-weight: bold;\">aqu\u00ed<\/a><br><br>\n    <\/div>\n<\/div>\n<div id=\"comunicaciones\">\n    <b class=\"toggle\" onclick=\"toggleDropdown('comunicaciones')\">Comunicacions [+]<\/b><br>\n    <div class=\"dropdown-content\"> M'interessa rebre el butllet\u00ed del despatx i altres comunicacions comercials electr\u00f2niques peri\u00f2diques en relaci\u00f3 amb informaci\u00f3, activitats, novetats, esdeveniments i not\u00edcies relatives al despatx que puguin ser d'inter\u00e8s per a l'usuari +info <\/div>\n<\/div>\n<script>\n    function toggleDropdown(id) {\n        var dropdown = document.getElementById(id).getElementsByClassName(\"dropdown-content\")[0];\n        var toggle = document.getElementById(id).getElementsByClassName(\"toggle\")[0];\n        \n        if (dropdown.style.display === \"none\") {\n            dropdown.style.display = \"block\";\n            toggle.innerHTML = toggle.innerHTML.replace('[+]', '[-]');\n        } else {\n            dropdown.style.display = \"none\";\n            toggle.innerHTML = toggle.innerHTML.replace('[-]', '[+]');\n        }\n    }\n<\/script>\t\t\t\t<\/div>\n\t\t\t\t\t\t\t\t<div class=\"elementor-field-type-acceptance elementor-field-group elementor-column elementor-field-group-field_c9a8416 elementor-col-100 elementor-field-required elementor-mark-required\">\n\t\t\t\t\t\t\t<div class=\"elementor-field-subgroup\">\n\t\t\t<span class=\"elementor-field-option\">\n\t\t\t\t<input type=\"checkbox\" name=\"form_fields[field_c9a8416]\" id=\"form-field-field_c9a8416\" class=\"elementor-field elementor-size-xl  elementor-acceptance-field\" required=\"required\">\n\t\t\t\t<label for=\"form-field-field_c9a8416\">Accepto la pol\u00edtica de privacitat<\/label>\t\t\t<\/span>\n\t\t<\/div>\n\t\t\t\t\t\t<\/div>\n\t\t\t\t\t\t\t\t<div class=\"elementor-field-type-acceptance elementor-field-group elementor-column elementor-field-group-field_0b43a2c elementor-col-100\">\n\t\t\t\t\t\t\t<div class=\"elementor-field-subgroup\">\n\t\t\t<span class=\"elementor-field-option\">\n\t\t\t\t<input type=\"checkbox\" name=\"form_fields[field_0b43a2c]\" id=\"form-field-field_0b43a2c\" class=\"elementor-field elementor-size-xl  elementor-acceptance-field\">\n\t\t\t\t<label for=\"form-field-field_0b43a2c\">Vull rebre comunicacions relatives al despatx.<\/label>\t\t\t<\/span>\n\t\t<\/div>\n\t\t\t\t\t\t<\/div>\n\t\t\t\t\t\t\t\t<div class=\"elementor-field-type-recaptcha_v3 elementor-field-group elementor-column elementor-field-group-field_a5f14e6 elementor-col-100 recaptcha_v3-bottomright\">\n\t\t\t\t\t<div class=\"elementor-field\" id=\"form-field-field_a5f14e6\"><div class=\"elementor-g-recaptcha\" data-sitekey=\"6LcLTxAqAAAAAJz2CBYbDztqlXeUv7ItHpC3TXX7\" data-type=\"v3\" data-action=\"Form\" data-badge=\"bottomright\" data-size=\"invisible\"><\/div><\/div>\t\t\t\t<\/div>\n\t\t\t\t\t\t\t\t<div class=\"elementor-field-group elementor-column elementor-field-type-submit elementor-col-100 e-form__buttons\">\n\t\t\t\t\t<button class=\"elementor-button elementor-size-sm\" type=\"submit\">\n\t\t\t\t\t\t<span class=\"elementor-button-content-wrapper\">\n\t\t\t\t\t\t\t\t\t\t\t\t\t\t\t\t\t\t\t\t\t\t<span class=\"elementor-button-text\">Enviar<\/span>\n\t\t\t\t\t\t\t\t\t\t\t\t\t<\/span>\n\t\t\t\t\t<\/button>\n\t\t\t\t<\/div>\n\t\t\t<\/div>\n\t\t<\/form>\n\t\t\t\t\t\t<\/div>\n\t\t\t\t<\/div>\n\t\t\t\t\t<\/div>\n\t\t\t\t<\/div>\n\t\t<div class=\"elementor-element elementor-element-9ba5458 e-flex e-con-boxed e-con e-parent\" data-id=\"9ba5458\" data-element_type=\"container\" data-e-type=\"container\" id=\"top\">\n\t\t\t\t\t<div class=\"e-con-inner\">\n\t\t\t\t<div class=\"elementor-element elementor-element-fd56855 elementor-widget elementor-widget-heading\" data-id=\"fd56855\" data-element_type=\"widget\" data-e-type=\"widget\" data-widget_type=\"heading.default\">\n\t\t\t\t<div class=\"elementor-widget-container\">\n\t\t\t\t\t<h1 class=\"elementor-heading-title elementor-size-default\">Contacte<\/h1>\t\t\t\t<\/div>\n\t\t\t\t<\/div>\n\t\t\t\t<div class=\"elementor-element elementor-element-8350a3c elementor-widget elementor-widget-heading\" data-id=\"8350a3c\" data-element_type=\"widget\" data-e-type=\"widget\" data-widget_type=\"heading.default\">\n\t\t\t\t<div class=\"elementor-widget-container\">\n\t\t\t\t\t<p class=\"elementor-heading-title elementor-size-default\">Per a qualsevol consulta,<br>contacteu-nos o visiteu-nos a les nostres oficines.<\/p>\t\t\t\t<\/div>\n\t\t\t\t<\/div>\n\t\t<div class=\"elementor-element elementor-element-1d60b52 e-grid e-con-full e-con e-child\" data-id=\"1d60b52\" data-element_type=\"container\" data-e-type=\"container\">\n\t\t<div class=\"elementor-element elementor-element-69331fd e-flex e-con-boxed e-con e-child\" data-id=\"69331fd\" data-element_type=\"container\" data-e-type=\"container\" data-settings=\"{&quot;background_background&quot;:&quot;classic&quot;}\">\n\t\t\t\t\t<div class=\"e-con-inner\">\n\t\t\t\t<div class=\"elementor-element elementor-element-c372696 elementor-widget elementor-widget-heading\" data-id=\"c372696\" data-element_type=\"widget\" data-e-type=\"widget\" data-widget_type=\"heading.default\">\n\t\t\t\t<div class=\"elementor-widget-container\">\n\t\t\t\t\t<p class=\"elementor-heading-title elementor-size-default\">Contacte<\/p>\t\t\t\t<\/div>\n\t\t\t\t<\/div>\n\t\t\t\t<div class=\"elementor-element elementor-element-b2c9fc3 elementor-icon-list--layout-traditional elementor-list-item-link-full_width elementor-widget elementor-widget-icon-list\" data-id=\"b2c9fc3\" data-element_type=\"widget\" data-e-type=\"widget\" data-widget_type=\"icon-list.default\">\n\t\t\t\t<div class=\"elementor-widget-container\">\n\t\t\t\t\t\t\t<ul class=\"elementor-icon-list-items\">\n\t\t\t\t\t\t\t<li class=\"elementor-icon-list-item\">\n\t\t\t\t\t\t\t\t\t\t\t<a href=\"tel:603034965%20\">\n\n\t\t\t\t\t\t\t\t\t\t\t\t<span class=\"elementor-icon-list-icon\">\n\t\t\t\t\t\t\t<svg xmlns=\"http:\/\/www.w3.org\/2000\/svg\" width=\"13\" height=\"13\" viewBox=\"0 0 13 13\" fill=\"none\"><path fill-rule=\"evenodd\" clip-rule=\"evenodd\" d=\"M12.9999 12V1V0H11.9999H2.2373V1H11.9999V12H12.9999Z\" fill=\"black\"><\/path><path d=\"M12 1L1 12\" stroke=\"black\"><\/path><\/svg>\t\t\t\t\t\t<\/span>\n\t\t\t\t\t\t\t\t\t\t<span class=\"elementor-icon-list-text\">603 034 965  <\/span>\n\t\t\t\t\t\t\t\t\t\t\t<\/a>\n\t\t\t\t\t\t\t\t\t<\/li>\n\t\t\t\t\t\t\t\t<li class=\"elementor-icon-list-item\">\n\t\t\t\t\t\t\t\t\t\t\t<a href=\"tel:613174703\">\n\n\t\t\t\t\t\t\t\t\t\t\t\t<span class=\"elementor-icon-list-icon\">\n\t\t\t\t\t\t\t<svg xmlns=\"http:\/\/www.w3.org\/2000\/svg\" width=\"13\" height=\"13\" viewBox=\"0 0 13 13\" fill=\"none\"><path fill-rule=\"evenodd\" clip-rule=\"evenodd\" d=\"M12.9999 12V1V0H11.9999H2.2373V1H11.9999V12H12.9999Z\" fill=\"black\"><\/path><path d=\"M12 1L1 12\" stroke=\"black\"><\/path><\/svg>\t\t\t\t\t\t<\/span>\n\t\t\t\t\t\t\t\t\t\t<span class=\"elementor-icon-list-text\">613 174 703<\/span>\n\t\t\t\t\t\t\t\t\t\t\t<\/a>\n\t\t\t\t\t\t\t\t\t<\/li>\n\t\t\t\t\t\t\t\t<li class=\"elementor-icon-list-item\">\n\t\t\t\t\t\t\t\t\t\t\t<span class=\"elementor-icon-list-icon\">\n\t\t\t\t\t\t\t<svg xmlns=\"http:\/\/www.w3.org\/2000\/svg\" width=\"13\" height=\"13\" viewBox=\"0 0 13 13\" fill=\"none\"><path fill-rule=\"evenodd\" clip-rule=\"evenodd\" d=\"M12.9999 12V1V0H11.9999H2.2373V1H11.9999V12H12.9999Z\" fill=\"black\"><\/path><path d=\"M12 1L1 12\" stroke=\"black\"><\/path><\/svg>\t\t\t\t\t\t<\/span>\n\t\t\t\t\t\t\t\t\t\t<span class=\"elementor-icon-list-text\">info@falgasbarrabeig.com<\/span>\n\t\t\t\t\t\t\t\t\t<\/li>\n\t\t\t\t\t\t<\/ul>\n\t\t\t\t\t\t<\/div>\n\t\t\t\t<\/div>\n\t\t\t\t\t<\/div>\n\t\t\t\t<\/div>\n\t\t<div class=\"elementor-element elementor-element-be09df9 e-flex e-con-boxed e-con e-child\" data-id=\"be09df9\" data-element_type=\"container\" data-e-type=\"container\" data-settings=\"{&quot;background_background&quot;:&quot;classic&quot;}\">\n\t\t\t\t\t<div class=\"e-con-inner\">\n\t\t\t\t<div class=\"elementor-element elementor-element-eccb8bc elementor-widget elementor-widget-heading\" data-id=\"eccb8bc\" data-element_type=\"widget\" data-e-type=\"widget\" data-widget_type=\"heading.default\">\n\t\t\t\t<div class=\"elementor-widget-container\">\n\t\t\t\t\t<p class=\"elementor-heading-title elementor-size-default\">Direcci\u00f3<\/p>\t\t\t\t<\/div>\n\t\t\t\t<\/div>\n\t\t\t\t<div class=\"elementor-element elementor-element-cbd7913 elementor-widget elementor-widget-heading\" data-id=\"cbd7913\" data-element_type=\"widget\" data-e-type=\"widget\" data-widget_type=\"heading.default\">\n\t\t\t\t<div class=\"elementor-widget-container\">\n\t\t\t\t\t<p class=\"elementor-heading-title elementor-size-default\">C\/ de C\u00f2rsega, 300, 2\u00ba 2\u00aa A, Eixample, 08008 Barcelona<\/p>\t\t\t\t<\/div>\n\t\t\t\t<\/div>\n\t\t\t\t<div class=\"elementor-element elementor-element-41b3eac elementor-icon-list--layout-traditional elementor-list-item-link-full_width elementor-widget elementor-widget-icon-list\" data-id=\"41b3eac\" data-element_type=\"widget\" data-e-type=\"widget\" data-widget_type=\"icon-list.default\">\n\t\t\t\t<div class=\"elementor-widget-container\">\n\t\t\t\t\t\t\t<ul class=\"elementor-icon-list-items\">\n\t\t\t\t\t\t\t<li class=\"elementor-icon-list-item\">\n\t\t\t\t\t\t\t\t\t\t\t<a href=\"https:\/\/maps.app.goo.gl\/wAYpYxkRdM9moLsY9\" target=\"_blank\" rel=\"nofollow noopener\">\n\n\t\t\t\t\t\t\t\t\t\t\t\t<span class=\"elementor-icon-list-icon\">\n\t\t\t\t\t\t\t<svg xmlns=\"http:\/\/www.w3.org\/2000\/svg\" width=\"13\" height=\"13\" viewBox=\"0 0 13 13\" fill=\"none\"><path fill-rule=\"evenodd\" clip-rule=\"evenodd\" d=\"M12.9999 12V1V0H11.9999H2.2373V1H11.9999V12H12.9999Z\" fill=\"black\"><\/path><path d=\"M12 1L1 12\" stroke=\"black\"><\/path><\/svg>\t\t\t\t\t\t<\/span>\n\t\t\t\t\t\t\t\t\t\t<span class=\"elementor-icon-list-text\">Google Maps<\/span>\n\t\t\t\t\t\t\t\t\t\t\t<\/a>\n\t\t\t\t\t\t\t\t\t<\/li>\n\t\t\t\t\t\t\t\t<li class=\"elementor-icon-list-item\">\n\t\t\t\t\t\t\t\t\t\t\t<a href=\"https:\/\/maps.apple.com\/?address=Carrer%20de%20C%C3%B2rsega,%20300,%202,%2008008%20Barcelona,%20Espanya&#038;ll=41.395467,2.158322&#038;q=Carrer%20de%20C%C3%B2rsega,%20300,%202\" target=\"_blank\" rel=\"nofollow noopener\">\n\n\t\t\t\t\t\t\t\t\t\t\t\t<span class=\"elementor-icon-list-icon\">\n\t\t\t\t\t\t\t<svg xmlns=\"http:\/\/www.w3.org\/2000\/svg\" width=\"13\" height=\"13\" viewBox=\"0 0 13 13\" fill=\"none\"><path fill-rule=\"evenodd\" clip-rule=\"evenodd\" d=\"M12.9999 12V1V0H11.9999H2.2373V1H11.9999V12H12.9999Z\" fill=\"black\"><\/path><path d=\"M12 1L1 12\" stroke=\"black\"><\/path><\/svg>\t\t\t\t\t\t<\/span>\n\t\t\t\t\t\t\t\t\t\t<span class=\"elementor-icon-list-text\">Apple Maps<\/span>\n\t\t\t\t\t\t\t\t\t\t\t<\/a>\n\t\t\t\t\t\t\t\t\t<\/li>\n\t\t\t\t\t\t<\/ul>\n\t\t\t\t\t\t<\/div>\n\t\t\t\t<\/div>\n\t\t\t\t\t<\/div>\n\t\t\t\t<\/div>\n\t\t\t\t<\/div>\n\t\t<div class=\"elementor-element elementor-element-17a9b36 e-flex e-con-boxed e-con e-child\" data-id=\"17a9b36\" data-element_type=\"container\" data-e-type=\"container\">\n\t\t\t\t\t<div class=\"e-con-inner\">\n\t\t\t\t\t<\/div>\n\t\t\t\t<\/div>\n\t\t\t\t\t<\/div>\n\t\t\t\t<\/div>\n\t\t\t\t<\/div>\n\t\t","protected":false},"excerpt":{"rendered":"<p>Formulari Contacte Per a qualsevol consulta,contacteu-nos o visiteu-nos a les nostres oficines. Contacte 603 034 965 613 174 703 info@falgasbarrabeig.com Direcci\u00f3 C\/ de C\u00f2rsega, 300, 2\u00ba 2\u00aa A, Eixample, 08008 Barcelona Google Maps Apple Maps<\/p>\n","protected":false},"author":1,"featured_media":0,"parent":0,"menu_order":0,"comment_status":"closed","ping_status":"closed","template":"","meta":{"_acf_changed":false,"footnotes":""},"class_list":["post-1687","page","type-page","status-publish","hentry"],"acf":[],"_links":{"self":[{"href":"https:\/\/falgasbarrabeig.com\/ca\/wp-json\/wp\/v2\/pages\/1687","targetHints":{"allow":["GET"]}}],"collection":[{"href":"https:\/\/falgasbarrabeig.com\/ca\/wp-json\/wp\/v2\/pages"}],"about":[{"href":"https:\/\/falgasbarrabeig.com\/ca\/wp-json\/wp\/v2\/types\/page"}],"author":[{"embeddable":true,"href":"https:\/\/falgasbarrabeig.com\/ca\/wp-json\/wp\/v2\/users\/1"}],"replies":[{"embeddable":true,"href":"https:\/\/falgasbarrabeig.com\/ca\/wp-json\/wp\/v2\/comments?post=1687"}],"version-history":[{"count":0,"href":"https:\/\/falgasbarrabeig.com\/ca\/wp-json\/wp\/v2\/pages\/1687\/revisions"}],"wp:attachment":[{"href":"https:\/\/falgasbarrabeig.com\/ca\/wp-json\/wp\/v2\/media?parent=1687"}],"curies":[{"name":"wp","href":"https:\/\/api.w.org\/{rel}","templated":true}]}}