{"id":1689,"date":"2024-06-12T16:56:41","date_gmt":"2024-06-12T14:56:41","guid":{"rendered":"https:\/\/falgasbarrabeig.com\/empresas\/"},"modified":"2025-06-04T09:53:27","modified_gmt":"2025-06-04T07:53:27","slug":"empresas","status":"publish","type":"page","link":"https:\/\/falgasbarrabeig.com\/ca\/empresas\/","title":{"rendered":"Empreses"},"content":{"rendered":"\t\t<div data-elementor-type=\"wp-page\" data-elementor-id=\"1689\" class=\"elementor elementor-1689 elementor-213\" data-elementor-post-type=\"page\">\n\t\t\t\t<div class=\"elementor-element elementor-element-6b7ee4b e-flex e-con-boxed e-con e-parent\" data-id=\"6b7ee4b\" data-element_type=\"container\" data-e-type=\"container\">\n\t\t\t\t\t<div class=\"e-con-inner\">\n\t\t\t\t<div class=\"elementor-element elementor-element-eb34a0e elementor-widget elementor-widget-heading\" data-id=\"eb34a0e\" data-element_type=\"widget\" data-e-type=\"widget\" data-widget_type=\"heading.default\">\n\t\t\t\t<div class=\"elementor-widget-container\">\n\t\t\t\t\t<h1 class=\"elementor-heading-title elementor-size-default\">SERVEIS LEGALS A EMPRESES<\/h1>\t\t\t\t<\/div>\n\t\t\t\t<\/div>\n\t\t\t\t<div class=\"elementor-element elementor-element-c836e29 elementor-widget elementor-widget-heading\" data-id=\"c836e29\" data-element_type=\"widget\" data-e-type=\"widget\" data-widget_type=\"heading.default\">\n\t\t\t\t<div class=\"elementor-widget-container\">\n\t\t\t\t\t<p class=\"elementor-heading-title elementor-size-default\">Oferim suport legal en el dia a dia de les empreses, la qual cosa ens permet con\u00e8ixer les particularitats de cada client i les tend\u00e8ncies del sector per a anticipar-nos jur\u00eddicament a qualsevol situaci\u00f3.<\/p>\t\t\t\t<\/div>\n\t\t\t\t<\/div>\n\t\t\t\t\t<\/div>\n\t\t\t\t<\/div>\n\t\t<div class=\"elementor-element elementor-element-13d4237 e-flex e-con-boxed e-con e-parent\" data-id=\"13d4237\" data-element_type=\"container\" data-e-type=\"container\">\n\t\t\t\t\t<div class=\"e-con-inner\">\n\t\t\t\t<div class=\"elementor-element elementor-element-b0cef83 elementor-widget elementor-widget-toggle\" data-id=\"b0cef83\" data-element_type=\"widget\" data-e-type=\"widget\" data-widget_type=\"toggle.default\">\n\t\t\t\t<div class=\"elementor-widget-container\">\n\t\t\t\t\t\t\t<div class=\"elementor-toggle\">\n\t\t\t\t\t\t\t<div class=\"elementor-toggle-item\">\n\t\t\t\t\t<div id=\"elementor-tab-title-1851\" class=\"elementor-tab-title\" data-tab=\"1\" role=\"button\" aria-controls=\"elementor-tab-content-1851\" aria-expanded=\"false\">\n\t\t\t\t\t\t\t\t\t\t\t\t<span class=\"elementor-toggle-icon elementor-toggle-icon-right\" aria-hidden=\"true\">\n\t\t\t\t\t\t\t\t\t\t\t\t\t\t\t<span class=\"elementor-toggle-icon-closed\"><svg xmlns=\"http:\/\/www.w3.org\/2000\/svg\" width=\"13\" height=\"13\" viewBox=\"0 0 13 13\" fill=\"none\"><path fill-rule=\"evenodd\" clip-rule=\"evenodd\" d=\"M12.9999 12V1V0H11.9999H2.2373V1H11.9999V12H12.9999Z\" fill=\"black\"><\/path><path d=\"M12 1L1 12\" stroke=\"black\"><\/path><\/svg><\/span>\n\t\t\t\t\t\t\t\t<span class=\"elementor-toggle-icon-opened\"><svg xmlns=\"http:\/\/www.w3.org\/2000\/svg\" width=\"13\" height=\"13\" viewBox=\"0 0 13 13\" fill=\"none\" transform=\"rotate(90, 0, 0)\"><path fill-rule=\"evenodd\" clip-rule=\"evenodd\" d=\"M12.9999 12V1V0H11.9999H2.2373V1H11.9999V12H12.9999Z\" fill=\"black\"><\/path><path d=\"M12 1L1 12\" stroke=\"black\"><\/path><\/svg><\/span>\n\t\t\t\t\t\t\t\t\t\t\t\t\t<\/span>\n\t\t\t\t\t\t\t\t\t\t\t\t<a class=\"elementor-toggle-title\" tabindex=\"0\">LITIGIS I ARBITRATGE<\/a>\n\t\t\t\t\t<\/div>\n\n\t\t\t\t\t<div id=\"elementor-tab-content-1851\" class=\"elementor-tab-content elementor-clearfix\" data-tab=\"1\" role=\"region\" aria-labelledby=\"elementor-tab-title-1851\"><div style=\"padding: 3px;\"><\/div>\n<ul>\n<li>Representaci\u00f3 i assist\u00e8ncia en seu judicial.<\/li>\n<li>Conflictes societaris.<\/li>\n<li>Accions de responsabilitat contractual i extracontractual.<\/li>\n<li>Processos d&#8217;execuci\u00f3.<\/li>\n<li>Processos de reclamaci\u00f3 de quantitat.<\/li>\n<li>Accions de compet\u00e8ncia deslleial i publicitat il\u00b7l\u00edcita.<\/li>\n<li>Propietat intel\u00b7lectual i industrial.<\/li>\n<li>Patents i marques.<\/li>\n<\/ul>\n<div class=\"elementor-element elementor-element-5a370cd e-flex e-con-boxed e-con e-parent e-lazyloaded\" data-id=\"5a370cd\" data-element_type=\"container\" style=\"margin-top: 15px;\">\n                        <div class=\"e-con-inner\">\n                            <div class=\"elementor-element elementor-element-bc62e32 elementor-widget elementor-widget-button\" data-id=\"bc62e32\" data-element_type=\"widget\" data-widget_type=\"button.default\">\n                                <div class=\"elementor-widget-container\">\n                                    <div class=\"elementor-button-wrapper\">\n                                        <a class=\"elementor-button elementor-button-link elementor-size-sm button-contact\" href=\"https:\/\/falgasbarrabeig.codina.studio\/contacto\/\" target=\"_blank\" id=\"botons\" rel=\"noopener\">\n                                            <span class=\"elementor-button-content-wrapper\">\n                                                <span class=\"elementor-button-text\">Contacto<\/span>\n                                            <\/span>\n                                        <\/a>\n                                    <\/div>\n                                <\/div>\n                            <\/div>\n                        <\/div>\n                    <\/div>\n<\/div>\n\t\t\t\t<\/div>\n\t\t\t\t\t\t\t<div class=\"elementor-toggle-item\">\n\t\t\t\t\t<div id=\"elementor-tab-title-1852\" class=\"elementor-tab-title\" data-tab=\"2\" role=\"button\" aria-controls=\"elementor-tab-content-1852\" aria-expanded=\"false\">\n\t\t\t\t\t\t\t\t\t\t\t\t<span class=\"elementor-toggle-icon elementor-toggle-icon-right\" aria-hidden=\"true\">\n\t\t\t\t\t\t\t\t\t\t\t\t\t\t\t<span class=\"elementor-toggle-icon-closed\"><svg xmlns=\"http:\/\/www.w3.org\/2000\/svg\" width=\"13\" height=\"13\" viewBox=\"0 0 13 13\" fill=\"none\"><path fill-rule=\"evenodd\" clip-rule=\"evenodd\" d=\"M12.9999 12V1V0H11.9999H2.2373V1H11.9999V12H12.9999Z\" fill=\"black\"><\/path><path d=\"M12 1L1 12\" stroke=\"black\"><\/path><\/svg><\/span>\n\t\t\t\t\t\t\t\t<span class=\"elementor-toggle-icon-opened\"><svg xmlns=\"http:\/\/www.w3.org\/2000\/svg\" width=\"13\" height=\"13\" viewBox=\"0 0 13 13\" fill=\"none\" transform=\"rotate(90, 0, 0)\"><path fill-rule=\"evenodd\" clip-rule=\"evenodd\" d=\"M12.9999 12V1V0H11.9999H2.2373V1H11.9999V12H12.9999Z\" fill=\"black\"><\/path><path d=\"M12 1L1 12\" stroke=\"black\"><\/path><\/svg><\/span>\n\t\t\t\t\t\t\t\t\t\t\t\t\t<\/span>\n\t\t\t\t\t\t\t\t\t\t\t\t<a class=\"elementor-toggle-title\" tabindex=\"0\">CONTRACTACI\u00d3, ARRENDAMENTS I IMMOBILIARI<\/a>\n\t\t\t\t\t<\/div>\n\n\t\t\t\t\t<div id=\"elementor-tab-content-1852\" class=\"elementor-tab-content elementor-clearfix\" data-tab=\"2\" role=\"region\" aria-labelledby=\"elementor-tab-title-1852\"><div style=\"padding: 3px;\"><\/div>\n<ul>\n<li>Litigis i arbitratge en mat\u00e8ria immobili\u00e0ria i de propietat horitzontal.\n<ul>\n<li>Procediments arrendaticis i sense just t\u00edtol.<\/li>\n<li>Impugnaci\u00f3 d&#8217;acords.<\/li>\n<li>Estatuts i divisi\u00f3 horitzontal.<\/li>\n<li>Reclamaci\u00f3 de quantitats.<\/li>\n<li>Relacions de ve\u00efnatge.<\/li>\n<li>Adquisici\u00f3 i p\u00e8rdua de drets immobiliaris pel pas del temps (usucapi\u00f3 i prescripci\u00f3 extintiva).<\/li>\n<li>Cessaci\u00f3 d&#8217;activitats danyoses, molestes o insalubres.<\/li>\n<\/ul>\n<\/li>\n<li>Assessorament en mat\u00e8ria immobili\u00e0ria i de propietat horitzontal.\n<ul>\n<li>Redacci\u00f3 i revisi\u00f3 de contractes de compravenda i arrendament.<\/li>\n<li>Adopci\u00f3 d&#8217;acords.<\/li>\n<li>Estatuts i divisi\u00f3 horitzontal.<\/li>\n<li>Obres en les Comunitats de Propietaris.<\/li>\n<li>Assessorament en l&#8217;adquisici\u00f3 de b\u00e9ns immobles.<\/li>\n<li>Assessorament sobre la propietat vertical i propietat horitzontal.<\/li>\n<\/ul>\n<\/li>\n<\/ul>\n<div class=\"elementor-element elementor-element-5a370cd e-flex e-con-boxed e-con e-parent e-lazyloaded\" data-id=\"5a370cd\" data-element_type=\"container\" style=\"margin-top: 15px;\">\n                        <div class=\"e-con-inner\">\n                            <div class=\"elementor-element elementor-element-bc62e32 elementor-widget elementor-widget-button\" data-id=\"bc62e32\" data-element_type=\"widget\" data-widget_type=\"button.default\">\n                                <div class=\"elementor-widget-container\">\n                                    <div class=\"elementor-button-wrapper\">\n                                        <a class=\"elementor-button elementor-button-link elementor-size-sm button-contact\" href=\"https:\/\/falgasbarrabeig.codina.studio\/contacto\/\" target=\"_blank\" id=\"botons\" rel=\"noopener\">\n                                            <span class=\"elementor-button-content-wrapper\">\n                                                <span class=\"elementor-button-text\">Contacto<\/span>\n                                            <\/span>\n                                        <\/a>\n                                    <\/div>\n                                <\/div>\n                            <\/div>\n                        <\/div>\n                    <\/div>\n<\/div>\n\t\t\t\t<\/div>\n\t\t\t\t\t\t\t<div class=\"elementor-toggle-item\">\n\t\t\t\t\t<div id=\"elementor-tab-title-1853\" class=\"elementor-tab-title\" data-tab=\"3\" role=\"button\" aria-controls=\"elementor-tab-content-1853\" aria-expanded=\"false\">\n\t\t\t\t\t\t\t\t\t\t\t\t<span class=\"elementor-toggle-icon elementor-toggle-icon-right\" aria-hidden=\"true\">\n\t\t\t\t\t\t\t\t\t\t\t\t\t\t\t<span class=\"elementor-toggle-icon-closed\"><svg xmlns=\"http:\/\/www.w3.org\/2000\/svg\" width=\"13\" height=\"13\" viewBox=\"0 0 13 13\" fill=\"none\"><path fill-rule=\"evenodd\" clip-rule=\"evenodd\" d=\"M12.9999 12V1V0H11.9999H2.2373V1H11.9999V12H12.9999Z\" fill=\"black\"><\/path><path d=\"M12 1L1 12\" stroke=\"black\"><\/path><\/svg><\/span>\n\t\t\t\t\t\t\t\t<span class=\"elementor-toggle-icon-opened\"><svg xmlns=\"http:\/\/www.w3.org\/2000\/svg\" width=\"13\" height=\"13\" viewBox=\"0 0 13 13\" fill=\"none\" transform=\"rotate(90, 0, 0)\"><path fill-rule=\"evenodd\" clip-rule=\"evenodd\" d=\"M12.9999 12V1V0H11.9999H2.2373V1H11.9999V12H12.9999Z\" fill=\"black\"><\/path><path d=\"M12 1L1 12\" stroke=\"black\"><\/path><\/svg><\/span>\n\t\t\t\t\t\t\t\t\t\t\t\t\t<\/span>\n\t\t\t\t\t\t\t\t\t\t\t\t<a class=\"elementor-toggle-title\" tabindex=\"0\">LABORAL<\/a>\n\t\t\t\t\t<\/div>\n\n\t\t\t\t\t<div id=\"elementor-tab-content-1853\" class=\"elementor-tab-content elementor-clearfix\" data-tab=\"3\" role=\"region\" aria-labelledby=\"elementor-tab-title-1853\"><div style=\"padding: 3px;\"><\/div>\n<ul>\n<li>Representaci\u00f3 i assist\u00e8ncia lletrada en procediments individuals i col\u00b7lectius en seu judicial.<\/li>\n<li>Assessoria legal i consultoria en mat\u00e8ria de Dret Laboral i Seguretat Social:\n<ul>\n<li>Preparaci\u00f3 i modificaci\u00f3 de contractes de treball, pr\u00f2rrogues i comunicaci\u00f3 en l&#8217;INEM.<\/li>\n<li>Modificacions substancials de les condicions laborals.<\/li>\n<li>Cartes de sanci\u00f3 i acomiadament.<\/li>\n<li>Assessorament relatiu als Estatuts dels Treballadors, Convenis Col\u00b7lectius i Legislaci\u00f3 laboral.<\/li>\n<li>Assist\u00e8ncia i representaci\u00f3 davant la Inspecci\u00f3 de Treball.<\/li>\n<\/ul>\n<\/li>\n<li>Negociaci\u00f3 col\u00b7lectiva:\n<ul>\n<li>Expedients de Regulaci\u00f3 d&#8217;Ocupaci\u00f3 per acomiadament col\u00b7lectiu (ERTO, ERE).<\/li>\n<li>Negociaci\u00f3 de Plans d&#8217;Igualtat.<\/li>\n<li>Procediments de Modificacions Col\u00b7lectives de condicions de treball i Mobilitat Geogr\u00e0fica i Funcional.<\/li>\n<\/ul>\n<\/li>\n<\/ul>\n<div class=\"elementor-element elementor-element-5a370cd e-flex e-con-boxed e-con e-parent e-lazyloaded\" data-id=\"5a370cd\" data-element_type=\"container\" style=\"margin-top: 15px;\">\n                        <div class=\"e-con-inner\">\n                            <div class=\"elementor-element elementor-element-bc62e32 elementor-widget elementor-widget-button\" data-id=\"bc62e32\" data-element_type=\"widget\" data-widget_type=\"button.default\">\n                                <div class=\"elementor-widget-container\">\n                                    <div class=\"elementor-button-wrapper\">\n                                        <a class=\"elementor-button elementor-button-link elementor-size-sm button-contact\" href=\"https:\/\/falgasbarrabeig.codina.studio\/contacto\/\" target=\"_blank\" id=\"botons\" rel=\"noopener\">\n                                            <span class=\"elementor-button-content-wrapper\">\n                                                <span class=\"elementor-button-text\">Contacto<\/span>\n                                            <\/span>\n                                        <\/a>\n                                    <\/div>\n                                <\/div>\n                            <\/div>\n                        <\/div>\n                    <\/div>\n<\/div>\n\t\t\t\t<\/div>\n\t\t\t\t\t\t\t<div class=\"elementor-toggle-item\">\n\t\t\t\t\t<div id=\"elementor-tab-title-1854\" class=\"elementor-tab-title\" data-tab=\"4\" role=\"button\" aria-controls=\"elementor-tab-content-1854\" aria-expanded=\"false\">\n\t\t\t\t\t\t\t\t\t\t\t\t<span class=\"elementor-toggle-icon elementor-toggle-icon-right\" aria-hidden=\"true\">\n\t\t\t\t\t\t\t\t\t\t\t\t\t\t\t<span class=\"elementor-toggle-icon-closed\"><svg xmlns=\"http:\/\/www.w3.org\/2000\/svg\" width=\"13\" height=\"13\" viewBox=\"0 0 13 13\" fill=\"none\"><path fill-rule=\"evenodd\" clip-rule=\"evenodd\" d=\"M12.9999 12V1V0H11.9999H2.2373V1H11.9999V12H12.9999Z\" fill=\"black\"><\/path><path d=\"M12 1L1 12\" stroke=\"black\"><\/path><\/svg><\/span>\n\t\t\t\t\t\t\t\t<span class=\"elementor-toggle-icon-opened\"><svg xmlns=\"http:\/\/www.w3.org\/2000\/svg\" width=\"13\" height=\"13\" viewBox=\"0 0 13 13\" fill=\"none\" transform=\"rotate(90, 0, 0)\"><path fill-rule=\"evenodd\" clip-rule=\"evenodd\" d=\"M12.9999 12V1V0H11.9999H2.2373V1H11.9999V12H12.9999Z\" fill=\"black\"><\/path><path d=\"M12 1L1 12\" stroke=\"black\"><\/path><\/svg><\/span>\n\t\t\t\t\t\t\t\t\t\t\t\t\t<\/span>\n\t\t\t\t\t\t\t\t\t\t\t\t<a class=\"elementor-toggle-title\" tabindex=\"0\">MERCANTIL<\/a>\n\t\t\t\t\t<\/div>\n\n\t\t\t\t\t<div id=\"elementor-tab-content-1854\" class=\"elementor-tab-content elementor-clearfix\" data-tab=\"4\" role=\"region\" aria-labelledby=\"elementor-tab-title-1854\"><p><div style=\"padding: 3px;\"><\/div><br \/>\n<strong>\u200bDret societari:<\/strong><\/p>\n<ul>\n<li>Constituci\u00f3 de societats.<\/li>\n<li>Modificaci\u00f3 d&#8217;estatuts socials i reglaments interns.<\/li>\n<li>Adopci\u00f3 d&#8217;acords socials i la seva execuci\u00f3.<\/li>\n<\/ul>\n<p><div style=\"padding: 3px;\"><\/div><br \/>\n<b>Contractaci\u00f3:<\/b><\/p>\n<ul>\n<li>Negociaci\u00f3, redacci\u00f3 i revisi\u00f3 de contractes.<\/li>\n<\/ul>\n<div class=\"elementor-element elementor-element-5a370cd e-flex e-con-boxed e-con e-parent e-lazyloaded\" data-id=\"5a370cd\" data-element_type=\"container\" style=\"margin-top: 15px;\">\n                        <div class=\"e-con-inner\">\n                            <div class=\"elementor-element elementor-element-bc62e32 elementor-widget elementor-widget-button\" data-id=\"bc62e32\" data-element_type=\"widget\" data-widget_type=\"button.default\">\n                                <div class=\"elementor-widget-container\">\n                                    <div class=\"elementor-button-wrapper\">\n                                        <a class=\"elementor-button elementor-button-link elementor-size-sm button-contact\" href=\"https:\/\/falgasbarrabeig.codina.studio\/contacto\/\" target=\"_blank\" id=\"botons\" rel=\"noopener\">\n                                            <span class=\"elementor-button-content-wrapper\">\n                                                <span class=\"elementor-button-text\">Contacto<\/span>\n                                            <\/span>\n                                        <\/a>\n                                    <\/div>\n                                <\/div>\n                            <\/div>\n                        <\/div>\n                    <\/div>\n<\/div>\n\t\t\t\t<\/div>\n\t\t\t\t\t\t\t<div class=\"elementor-toggle-item\">\n\t\t\t\t\t<div id=\"elementor-tab-title-1855\" class=\"elementor-tab-title\" data-tab=\"5\" role=\"button\" aria-controls=\"elementor-tab-content-1855\" aria-expanded=\"false\">\n\t\t\t\t\t\t\t\t\t\t\t\t<span class=\"elementor-toggle-icon elementor-toggle-icon-right\" aria-hidden=\"true\">\n\t\t\t\t\t\t\t\t\t\t\t\t\t\t\t<span class=\"elementor-toggle-icon-closed\"><svg xmlns=\"http:\/\/www.w3.org\/2000\/svg\" width=\"13\" height=\"13\" viewBox=\"0 0 13 13\" fill=\"none\"><path fill-rule=\"evenodd\" clip-rule=\"evenodd\" d=\"M12.9999 12V1V0H11.9999H2.2373V1H11.9999V12H12.9999Z\" fill=\"black\"><\/path><path d=\"M12 1L1 12\" stroke=\"black\"><\/path><\/svg><\/span>\n\t\t\t\t\t\t\t\t<span class=\"elementor-toggle-icon-opened\"><svg xmlns=\"http:\/\/www.w3.org\/2000\/svg\" width=\"13\" height=\"13\" viewBox=\"0 0 13 13\" fill=\"none\" transform=\"rotate(90, 0, 0)\"><path fill-rule=\"evenodd\" clip-rule=\"evenodd\" d=\"M12.9999 12V1V0H11.9999H2.2373V1H11.9999V12H12.9999Z\" fill=\"black\"><\/path><path d=\"M12 1L1 12\" stroke=\"black\"><\/path><\/svg><\/span>\n\t\t\t\t\t\t\t\t\t\t\t\t\t<\/span>\n\t\t\t\t\t\t\t\t\t\t\t\t<a class=\"elementor-toggle-title\" tabindex=\"0\">RECUPERACI\u00d3 D'IMPAGAMENTS<\/a>\n\t\t\t\t\t<\/div>\n\n\t\t\t\t\t<div id=\"elementor-tab-content-1855\" class=\"elementor-tab-content elementor-clearfix\" data-tab=\"5\" role=\"region\" aria-labelledby=\"elementor-tab-title-1855\"><div style=\"padding: 3px;\"><\/div>\n<ul>\n<li>Reclamaci\u00f3 de cr\u00e8dits nacionals i internacionals.<\/li>\n<\/ul>\n<div class=\"elementor-element elementor-element-5a370cd e-flex e-con-boxed e-con e-parent e-lazyloaded\" data-id=\"5a370cd\" data-element_type=\"container\" style=\"margin-top: 15px;\">\n                        <div class=\"e-con-inner\">\n                            <div class=\"elementor-element elementor-element-bc62e32 elementor-widget elementor-widget-button\" data-id=\"bc62e32\" data-element_type=\"widget\" data-widget_type=\"button.default\">\n                                <div class=\"elementor-widget-container\">\n                                    <div class=\"elementor-button-wrapper\">\n                                        <a class=\"elementor-button elementor-button-link elementor-size-sm button-contact\" href=\"https:\/\/falgasbarrabeig.codina.studio\/contacto\/\" target=\"_blank\" id=\"botons\" rel=\"noopener\">\n                                            <span class=\"elementor-button-content-wrapper\">\n                                                <span class=\"elementor-button-text\">Contacto<\/span>\n                                            <\/span>\n                                        <\/a>\n                                    <\/div>\n                                <\/div>\n                            <\/div>\n                        <\/div>\n                    <\/div>\n<\/div>\n\t\t\t\t<\/div>\n\t\t\t\t\t\t\t<div class=\"elementor-toggle-item\">\n\t\t\t\t\t<div id=\"elementor-tab-title-1856\" class=\"elementor-tab-title\" data-tab=\"6\" role=\"button\" aria-controls=\"elementor-tab-content-1856\" aria-expanded=\"false\">\n\t\t\t\t\t\t\t\t\t\t\t\t<span class=\"elementor-toggle-icon elementor-toggle-icon-right\" aria-hidden=\"true\">\n\t\t\t\t\t\t\t\t\t\t\t\t\t\t\t<span class=\"elementor-toggle-icon-closed\"><svg xmlns=\"http:\/\/www.w3.org\/2000\/svg\" width=\"13\" height=\"13\" viewBox=\"0 0 13 13\" fill=\"none\"><path fill-rule=\"evenodd\" clip-rule=\"evenodd\" d=\"M12.9999 12V1V0H11.9999H2.2373V1H11.9999V12H12.9999Z\" fill=\"black\"><\/path><path d=\"M12 1L1 12\" stroke=\"black\"><\/path><\/svg><\/span>\n\t\t\t\t\t\t\t\t<span class=\"elementor-toggle-icon-opened\"><svg xmlns=\"http:\/\/www.w3.org\/2000\/svg\" width=\"13\" height=\"13\" viewBox=\"0 0 13 13\" fill=\"none\" transform=\"rotate(90, 0, 0)\"><path fill-rule=\"evenodd\" clip-rule=\"evenodd\" d=\"M12.9999 12V1V0H11.9999H2.2373V1H11.9999V12H12.9999Z\" fill=\"black\"><\/path><path d=\"M12 1L1 12\" stroke=\"black\"><\/path><\/svg><\/span>\n\t\t\t\t\t\t\t\t\t\t\t\t\t<\/span>\n\t\t\t\t\t\t\t\t\t\t\t\t<a class=\"elementor-toggle-title\" tabindex=\"0\">ESTRANGERIA<\/a>\n\t\t\t\t\t<\/div>\n\n\t\t\t\t\t<div id=\"elementor-tab-content-1856\" class=\"elementor-tab-content elementor-clearfix\" data-tab=\"6\" role=\"region\" aria-labelledby=\"elementor-tab-title-1856\"><div style=\"padding: 3px;\"><\/div>\n<ul>\n<li>Gesti\u00f3 NIE.<\/li>\n<li>Visats per a treballadors altament qualificats, inversions o emprenedors.<\/li>\n<li>Certificat de resid\u00e8ncia per a ciutadans de la UE.<\/li>\n<li>Preparaci\u00f3 de projectes empresarials per a sol\u00b7licituds de permisos de treball per compte propi i per a emprenedors.<\/li>\n<\/ul>\n<div class=\"elementor-element elementor-element-5a370cd e-flex e-con-boxed e-con e-parent e-lazyloaded\" data-id=\"5a370cd\" data-element_type=\"container\" style=\"margin-top: 15px;\">\n                        <div class=\"e-con-inner\">\n                            <div class=\"elementor-element elementor-element-bc62e32 elementor-widget elementor-widget-button\" data-id=\"bc62e32\" data-element_type=\"widget\" data-widget_type=\"button.default\">\n                                <div class=\"elementor-widget-container\">\n                                    <div class=\"elementor-button-wrapper\">\n                                        <a class=\"elementor-button elementor-button-link elementor-size-sm button-contact\" href=\"https:\/\/falgasbarrabeig.codina.studio\/contacto\/\" target=\"_blank\" id=\"botons\" rel=\"noopener\">\n                                            <span class=\"elementor-button-content-wrapper\">\n                                                <span class=\"elementor-button-text\">Contacto<\/span>\n                                            <\/span>\n                                        <\/a>\n                                    <\/div>\n                                <\/div>\n                            <\/div>\n                        <\/div>\n                    <\/div>\n<\/div>\n\t\t\t\t<\/div>\n\t\t\t\t\t\t\t\t<\/div>\n\t\t\t\t\t\t<\/div>\n\t\t\t\t<\/div>\n\t\t\t\t\t<\/div>\n\t\t\t\t<\/div>\n\t\t\t\t<\/div>\n\t\t","protected":false},"excerpt":{"rendered":"<p>SERVEIS LEGALS A EMPRESES Oferim suport legal en el dia a dia de les empreses, la qual cosa ens permet con\u00e8ixer les particularitats de cada client i les tend\u00e8ncies del sector per a anticipar-nos jur\u00eddicament a qualsevol situaci\u00f3. LITIGIS I ARBITRATGE Representaci\u00f3 i assist\u00e8ncia en seu judicial. Conflictes societaris. Accions de responsabilitat contractual i extracontractual. [&hellip;]<\/p>\n","protected":false},"author":1,"featured_media":0,"parent":0,"menu_order":0,"comment_status":"closed","ping_status":"closed","template":"","meta":{"_acf_changed":false,"footnotes":""},"class_list":["post-1689","page","type-page","status-publish","hentry"],"acf":[],"_links":{"self":[{"href":"https:\/\/falgasbarrabeig.com\/ca\/wp-json\/wp\/v2\/pages\/1689","targetHints":{"allow":["GET"]}}],"collection":[{"href":"https:\/\/falgasbarrabeig.com\/ca\/wp-json\/wp\/v2\/pages"}],"about":[{"href":"https:\/\/falgasbarrabeig.com\/ca\/wp-json\/wp\/v2\/types\/page"}],"author":[{"embeddable":true,"href":"https:\/\/falgasbarrabeig.com\/ca\/wp-json\/wp\/v2\/users\/1"}],"replies":[{"embeddable":true,"href":"https:\/\/falgasbarrabeig.com\/ca\/wp-json\/wp\/v2\/comments?post=1689"}],"version-history":[{"count":0,"href":"https:\/\/falgasbarrabeig.com\/ca\/wp-json\/wp\/v2\/pages\/1689\/revisions"}],"wp:attachment":[{"href":"https:\/\/falgasbarrabeig.com\/ca\/wp-json\/wp\/v2\/media?parent=1689"}],"curies":[{"name":"wp","href":"https:\/\/api.w.org\/{rel}","templated":true}]}}