{"id":1696,"date":"2024-06-12T10:37:57","date_gmt":"2024-06-12T10:37:57","guid":{"rendered":"https:\/\/falgasbarrabeig.com\/politica-privacidad\/"},"modified":"2024-07-11T10:03:56","modified_gmt":"2024-07-11T08:03:56","slug":"politica-privacidad","status":"publish","type":"page","link":"https:\/\/falgasbarrabeig.com\/ca\/politica-privacidad\/","title":{"rendered":"Pol\u00edtica de privacitat"},"content":{"rendered":"\t\t<div data-elementor-type=\"wp-page\" data-elementor-id=\"1696\" class=\"elementor elementor-1696 elementor-3\" data-elementor-post-type=\"page\">\n\t\t\t\t<div class=\"elementor-element elementor-element-426067dc e-flex e-con-boxed e-con e-parent\" data-id=\"426067dc\" data-element_type=\"container\" data-e-type=\"container\">\n\t\t\t\t\t<div class=\"e-con-inner\">\n\t\t\t\t<div class=\"elementor-element elementor-element-163db7a0 elementor-widget elementor-widget-text-editor\" data-id=\"163db7a0\" data-element_type=\"widget\" data-e-type=\"widget\" data-widget_type=\"text-editor.default\">\n\t\t\t\t<div class=\"elementor-widget-container\">\n\t\t\t\t\t\t\t\t\t<h1><strong style=\"color: var( --e-global-color-text ); font-family: var( --e-global-typography-text-font-family ), Sans-serif; text-align: var(--text-align); font-size: 1rem;\">1. Titularitat<\/strong><\/h1>\n<p><\/p>\n<p><\/p>\n<p>Pel present av\u00eds es regula l&#8217;\u00fas del domini web https: \/\/www.falgasbarrabeig.com, del qual \u00e9s titular FB LEGAL SLP. Seguint el que es disposa en l&#8217;article 10 de la Llei 34\/2002, de Serveis de la Societat de la Informaci\u00f3 i de comer\u00e7 electr\u00f2nic, s&#8217;informa de les dades de contacte del Titular:<\/p>\n<p><\/p>\n<p><\/p>\n<ul>\n<li style=\"list-style-type: none;\">\n<ul><\/ul>\n<\/li>\n<\/ul>\n<ul>\n<li style=\"list-style-type: none;\">\n<ul>\n<li>Nom o Denominaci\u00f3 comercial: FB LEGAL SLP<\/li>\n<\/ul>\n<\/li>\n<\/ul>\n<p><\/p>\n<p><\/p>\n<ul>\n<li style=\"list-style-type: none;\">\n<ul>\n<li>Domicili a l&#8217;efecte de notificaci\u00f3: C\/ C\u00f2rsega N\u00fam. 300, 2n 2a A, Barcelona (08008).<\/li>\n<\/ul>\n<\/li>\n<\/ul>\n<p><\/p>\n<p><\/p>\n<ul>\n<li style=\"list-style-type: none;\">\n<ul>\n<li>NIF: B13816947<\/li>\n<\/ul>\n<\/li>\n<\/ul>\n<p><\/p>\n<p><\/p>\n<ul>\n<li style=\"list-style-type: none;\">\n<ul>\n<li>Tel\u00e8fon: 603034965<\/li>\n<\/ul>\n<\/li>\n<\/ul>\n<p><\/p>\n<p><\/p>\n<ul>\n<li style=\"list-style-type: none;\">\n<ul>\n<li>E-mail: <a href=\"mailto:INFO@FALGASBARRABEIG.COM\">info@falgasbarrabeig.com <\/a><\/li>\n<\/ul>\n<\/li>\n<\/ul>\n<p><\/p>\n<p><\/p>\n<p><\/p>\n<p>&nbsp;<\/p>\n<p><\/p>\n<p><\/p>\n<p><strong>  2. Condicions d&#8217;\u00fas<\/strong><\/p>\n<p><\/p>\n<p><\/p>\n<p>L&#8217;\u00fas del domini implica l&#8217;acceptaci\u00f3 plena i sense reserves, per part de l&#8217;Usuari, de totes i cadascuna de les condicions incloses en el present av\u00eds legal. L&#8217;\u00fas \u00e9s gratu\u00eft i no determina l&#8217;establiment de cap relaci\u00f3 contractual amb el Titular. <\/p>\n<p><\/p>\n<p><\/p>\n<p>L&#8217;\u00fas ha de fer-se en atenci\u00f3 al que es disposa en la Llei, aix\u00ed com en el present av\u00eds. Per tant, es prohibeix la utilitzaci\u00f3 del domini per a fins il\u00b7l\u00edcits, o que puguin lesionar els drets del Titular o tercers. <\/p>\n<p><\/p>\n<p><\/p>\n<p>Aix\u00f2 inclou la potencial manipulaci\u00f3 de qualsevol element identificatiu del Titular, aix\u00ed com qualsevol element t\u00e8cnic, contingut, d&#8217;informaci\u00f3 o de configuraci\u00f3 general d&#8217;aquesta web. Qualsevol acte de contrari, per part de l&#8217;Usuari, derivar\u00e0 en la responsabilitat corresponent, tant civil com penal, quedant el Titular completament exonerat d&#8217;aquesta.<\/p>\n<p><\/p>\n<p><\/p>\n<p>&nbsp;<\/p>\n<p><\/p>\n<p><\/p>\n<p><strong>  3. Contingut i actualitzaci\u00f3<\/strong><\/p>\n<p><\/p>\n<p><\/p>\n<p>L&#8217;objectiu d&#8217;aquest lloc web \u00e9s presentar l&#8217;activitat econ\u00f2mica del Titular, consistent en l&#8217;assessorament jur\u00eddic i la representaci\u00f3 legal, tant local, com a nacional i internacional. El Titular podr\u00e0 actualitzar, modificar o eliminar la informaci\u00f3 continguda en el seu web a voluntat i sense necessitat de previ av\u00eds.<\/p>\n<p><\/p>\n<p><\/p>\n<p>El Titular no \u00e9s responsable de la informaci\u00f3 continguda en webs alienes a les quals es pugui accedir mitjan\u00e7ant enlla\u00e7os des d&#8217;aquest domini, sent responsabilitat \u00fanica de l&#8217;usuari i dels titulars d&#8217;aquests dominis aliens. Aquests enlla\u00e7os, d&#8217;existir, tindran finalitat \u00fanicament informativa i qualsevol responsabilitat derivada de l&#8217;\u00fas dels mateixos en cap cas podr\u00e0 vincular al Titular.<\/p>\n<p><\/p>\n<p><\/p>\n<p>&nbsp;<\/p>\n<p><\/p>\n<p><\/p>\n<p><strong>  4. Protecci\u00f3 i recollida de dades <\/strong><\/p>\n<p><\/p>\n<p><\/p>\n<p>En compliment de la normativa de Protecci\u00f3 de Dades, l&#8217;informem que les dades que ens faciliti estan o seran incorporats a una base de dades de la nostra responsabilitat. Tractarem les seves dades, informaci\u00f3 i documentaci\u00f3 adjunta \u00fanicament en el marc de relaci\u00f3 professional o comercial que ens uneix amb la m\u00e9s estricta confidencialitat, adoptant per a aix\u00f2 les mesures t\u00e8cniques i organitzatives necess\u00e0ries per a evitar la p\u00e8rdua, mal \u00fas, alteraci\u00f3 i\/o acc\u00e9s no autoritzat. Vost\u00e8 podr\u00e0 consultar la informaci\u00f3 detallada del tractament de les seves dades en la nostra pol\u00edtica de privacitat en www.falgasbarrabeig.com. Podr\u00e0 exercitar els seus drets, aix\u00ed com comunicar qualsevol incident, risc, violaci\u00f3 de seguretat i\/o incompliment d&#8217;aquesta normativa a trav\u00e9s de la nostra web. <\/p>\n<p><\/p>\n<p><\/p>\n<p>El Titular \u00e9s el responsable de tractament de les dades que s&#8217;introdueixin en els formularis web presents en el domini, excepte disposici\u00f3 de contrari en aquest Av\u00eds Legal. S&#8217;han posat en marxa mesures per a evitar l&#8217;alteraci\u00f3, mal \u00fas, p\u00e8rdua, acc\u00e9s no autoritzat i\/o robatori d&#8217;aquelles dades facilitades que puguin ser susceptibles de protecci\u00f3 en atenci\u00f3 a la normativa referenciada. Aquestes dades nom\u00e9s es recaptaran quan siguin necessaris per a la comunicaci\u00f3 entre Titular i Usuari o l&#8217;establiment de relacions contractuals entre aquests.<\/p>\n<p><\/p>\n<p><\/p>\n<p>Vost\u00e8 t\u00e9 dret a retirar en qualsevol moment el consentiment per al tractament de les seves dades personals.<\/p>\n<p><\/p>\n<p><\/p>\n<p>Per a retirar el consentiment per al tractament de les seves dades personals haur\u00e0 d&#8217;enviar una comunicaci\u00f3 dirigida a qualsevol de les seg\u00fcents adreces:<\/p>\n<p><\/p>\n<p><\/p>\n<p>Domicili: C\/ C\u00f2rsega N\u00fam. 300, 2n 2a A, Barcelona (08008).<\/p>\n<p><\/p>\n<p><\/p>\n<p>Adre\u00e7a de Correu Electr\u00f2nic: <a href=\"mailto:INFO@FALGASBARRABEIG.COM\">info@falgasbarrabeig.com <\/a><\/p>\n<p><\/p>\n<p><\/p>\n<p>La retirada del consentiment per al tractament de les seves dades personals no afectar\u00e0 la validesa i licitud del tractament basat en el consentiment previ a la seva retirada.<\/p>\n<p><\/p>\n<p><\/p>\n<p>Si decid\u00eds retirar el consentiment al tractament de les seves dades personals, les \u00faniques conseq\u00fc\u00e8ncies de retirar el consentiment serien que FB LEGAL SLP, a partir d&#8217;aquest moment, no podria en cap cas: <\/p>\n<p><\/p>\n<p><\/p>\n<p>(i) incloure les seves dades personals en la seva base de dades<\/p>\n<p><\/p>\n<p><\/p>\n<p>(ii) contestar-li a les q\u00fcestions plantejades en la seva sol\u00b7licitud efectuada a trav\u00e9s de la p\u00e0gina web<\/p>\n<p><\/p>\n<p><\/p>\n<p>(iii) enviar-li comunicacions informatives i\/o comercials.<\/p>\n<p><\/p>\n<p><\/p>\n<p>Pot sol\u00b7licitar en tot moment a FB LEGAL SLP els seus seg\u00fcents drets:<\/p>\n<p><\/p>\n<p><\/p>\n<p>Pot sol\u00b7licitar en tot moment a FB LEGAL SLP els seus seg\u00fcents drets:w<\/p>\n<p><\/p>\n<p><\/p>\n<p>b) Dret a la rectificaci\u00f3 de les seves dades personals.<\/p>\n<p><\/p>\n<p><\/p>\n<p>c) Dret a la supressi\u00f3 de les seves dades personals.<\/p>\n<p><\/p>\n<p><\/p>\n<p>d) Dret a la limitaci\u00f3 del tractament de les seves dades personals.<\/p>\n<p><\/p>\n<p><\/p>\n<p>e) Dret a la portabilitat de les seves dades personals.<\/p>\n<p><\/p>\n<p><\/p>\n<p>f) Dret a l&#8217;oposici\u00f3 al tractament de les seves dades personals.<\/p>\n<p><\/p>\n<p><\/p>\n<p>Podr\u00e0 exercitar els drets esmentats en aquest apartat en qualsevol moment mitjan\u00e7ant l&#8217;enviament d&#8217;una comunicaci\u00f3, en la qual haur\u00e0 d&#8217;acreditar la seva identitat, incloent-hi c\u00f2pia del seu DNI\/NIE\/PASSAPORT, al domicili social o al correu electr\u00f2nic indicat.<\/p>\n<p><\/p>\n<p><\/p>\n<p>Si ent\u00e9n que les seves dades personals no s&#8217;han tractat de manera adequada o s&#8217;ha vulnerat algun dels seus drets relatius a aquestes dades, t\u00e9 dret a presentar una reclamaci\u00f3 davant l&#8217;Ag\u00e8ncia Espanyola de Protecci\u00f3 de Dades.<\/p>\n<p><\/p>\n<p><\/p>\n<p><\/p>\n<p><\/p>\n<p><strong>  5. Pol\u00edtica de cookies<\/strong><\/p>\n<p><\/p>\n<p><\/p>\n<p>Aquest lloc web utilitza cookies pr\u00f2pies i de tercers per a millorar la seva experi\u00e8ncia d&#8217;usuari i oferir continguts adaptats als seus interessos. Les cookies s\u00f3n petits arxius de text que s&#8217;emmagatzemen en els dispositius dels Usuaris quan visiten un lloc web. Les cookies permeten a un lloc web recordar les seves accions i prefer\u00e8ncies (com l&#8217;idioma, la grand\u00e0ria de la lletra i altres opcions de visualitzaci\u00f3) durant un per\u00edode de temps, la qual cosa pot facilitar la seva pr\u00f2xima visita i fer que el lloc web sigui m\u00e9s \u00fatil per a vost\u00e8. Aquest lloc web utilitza els seg\u00fcents tipus de cookies:<\/p>\n<p><\/p>\n<p><\/p>\n<ul>\n<li style=\"list-style-type: none;\">\n<ul><\/ul>\n<\/li>\n<\/ul>\n<ul>\n<li style=\"list-style-type: none;\">\n<ul>\n<li>Cookies necess\u00e0ries: s\u00f3n essencials perqu\u00e8 el lloc web funcioni correctament i no es poden desactivar. <\/li>\n<\/ul>\n<\/li>\n<\/ul>\n<p><\/p>\n<p><\/p>\n<ul>\n<li style=\"list-style-type: none;\">\n<ul>\n<li>Cookies de rendiment: recopilen informaci\u00f3 sobre com utilitza el lloc web, per exemple, quines p\u00e0gines visita amb m\u00e9s freq\u00fc\u00e8ncia i si experimenta algun error. Aquestes cookies s&#8217;utilitzen per a millorar el rendiment del lloc web i per a proporcionar una millor experi\u00e8ncia a l&#8217;Usuari.<\/li>\n<\/ul>\n<\/li>\n<\/ul>\n<p><\/p>\n<p><\/p>\n<ul>\n<li style=\"list-style-type: none;\">\n<ul>\n<li>Cookies de funcionalitat: permeten al lloc web recordar les seves eleccions, com el seu idioma o la regi\u00f3 en la qual es troba. Aquestes cookies s&#8217;utilitzen per a proporcionar a l&#8217;Usuari una experi\u00e8ncia m\u00e9s personalitzada.<\/li>\n<\/ul>\n<\/li>\n<\/ul>\n<p><\/p>\n<p><\/p>\n<p><\/p>\n<p>L&#8217;Usuari pot controlar les cookies a trav\u00e9s de la finestra que apareix en visitar el lloc web o en la configuraci\u00f3 del seu navegador. Per a obtenir m\u00e9s informaci\u00f3 sobre com administrar i eliminar les cookies, visiti el lloc web de l&#8217;Ag\u00e8ncia Espanyola de Protecci\u00f3 de Dades.<\/p>\n<p><\/p>\n<p><\/p>\n<p>En utilitzar aquest lloc web, l&#8217;Usuari accepta l&#8217;\u00fas de cookies tal com es descriu en aquesta pol\u00edtica.<\/p>\n<p><\/p>\n<p><\/p>\n<p>&nbsp;<\/p>\n<p><\/p>\n<p><\/p>\n<p><strong>  6. Propiedad intelectual e industrial<\/strong><\/p>\n<p><\/p>\n<p><\/p>\n<p>Aquest lloc web, propietat del Titular, aix\u00ed com tots els seus continguts, estan protegits pels drets de propietat intel\u00b7lectual i industrial. <\/p>\n<p><\/p>\n<p><\/p>\n<p>La titularitat cobreix lloc web, incl\u00f2s els textos, imatges, v\u00eddeos, programari, codi font, marques, noms comercials, logotips, etc. L&#8217;Usuari no podr\u00e0 reproduir, distribuir, modificar o transformar el contingut d&#8217;aquest lloc web sense el consentiment expr\u00e9s del Titular.<\/p>\n<p><\/p>\n<p><\/p>\n<p>La titularitat cobreix tamb\u00e9 els possibles drets de propietat industrial sobre les marques, noms comercials, logotips, etc. que s&#8217;utilitzen en aquest lloc web. L&#8217;usuari no podr\u00e0 utilitzar les marques, noms comercials, logotips, etc. del Titular sense el seu consentiment expr\u00e9s. L&#8217;usuari podr\u00e0 utilitzar el contingut d&#8217;aquest lloc web per a fins estrictament personals i no comercials. <\/p>\n<p><\/p>\n<p><\/p>\n<p>No podr\u00e0, no obstant aix\u00f2, utilitzar el contingut d&#8217;aquest lloc web per a fins il\u00b7l\u00edcits o que puguin perjudicar els drets del Titular. L&#8217;usuari ser\u00e0 l&#8217;\u00fanic responsable de qualsevol mal o perjudici que pugui causar al Titular o a tercers per l&#8217;\u00fas il\u00b7l\u00edcit del contingut d&#8217;aquest lloc web.<\/p>\n<p><\/p>\n<p><\/p>\n<p>El Titular es reserva el dret a modificar aquesta pol\u00edtica de propietat intel\u00b7lectual i industrial en qualsevol moment.<\/p>\n<p><\/p>\n<p><\/p>\n<p>Aquesta pol\u00edtica de propietat intel\u00b7lectual i industrial es regeix per la legislaci\u00f3 espanyola.<\/p>\n<p><\/p>\n<p><\/p>\n<p>El Titular no es fa responsable dels danys o perjudicis que puguin causar-se a l&#8217;usuari per l&#8217;\u00fas d&#8217;aquest lloc web, incloent, sense limitaci\u00f3, els danys o perjudicis causats per:<\/p>\n<p><\/p>\n<p><\/p>\n<ul>\n<li style=\"list-style-type: none;\">\n<ul><\/ul>\n<\/li>\n<\/ul>\n<ul>\n<li style=\"list-style-type: none;\">\n<ul>\n<li>La falta de disponibilitat o de continu\u00eftat del funcionament d&#8217;aquest lloc web.<\/li>\n<\/ul>\n<\/li>\n<\/ul>\n<p><\/p>\n<p><\/p>\n<ul>\n<li style=\"list-style-type: none;\">\n<ul>\n<li>La defraudaci\u00f3 de la utilitat que l&#8217;usuari hagu\u00e9s pogut atribuir a aquest lloc web.<\/li>\n<\/ul>\n<\/li>\n<\/ul>\n<p><\/p>\n<p><\/p>\n<ul>\n<li style=\"list-style-type: none;\">\n<ul>\n<li>La fal\u00b7libilitat d&#8217;aquest lloc web.<\/li>\n<\/ul>\n<\/li>\n<\/ul>\n<p><\/p>\n<p><\/p>\n<p><\/p>\n<p><strong> <\/strong><\/p>\n<p><\/p>\n<p><\/p>\n<p><strong>7. Limitaci\u00f3 de la responsabilitat<\/strong><\/p>\n<p><\/p>\n<p><\/p>\n<p>El Titular s&#8217;eximeix de qualsevol tipus de responsabilitat pels danys i perjudicis que puguin sofrir tant els Usuaris com tercers, a causa de problemes t\u00e8cnics, la pres\u00e8ncia de softwares maliciosos o altres elements que puguin ocasionar fallades o alteracions en els seus equips inform\u00e0tics i fitxers o documents emmagatzemats en els sistemes inform\u00e0tics d&#8217;aquest lloc web.<\/p>\n<p><\/p>\n<p><\/p>\n<p>&nbsp;<\/p>\n<p><\/p>\n<p><\/p>\n<p><strong>  8. Legislaci\u00f3 i jurisdicci\u00f3 aplicables<\/strong><\/p>\n<p><\/p>\n<p><\/p>\n<p>Qualsevol relaci\u00f3, ja sigui de comunicaci\u00f3 o contractual, o qualsevol acci\u00f3 tant de responsabilitat civil contractual o extracontractual, que es produeixi entre l&#8217;Usuari i el Titular, quedar\u00e0 sotmesa a la legislaci\u00f3 espanyola i a la jurisdicci\u00f3 dels tribunals i jutjats del partit judicial de Barcelona<\/p>\t\t\t\t\t\t\t\t<\/div>\n\t\t\t\t<\/div>\n\t\t\t\t\t<\/div>\n\t\t\t\t<\/div>\n\t\t<div class=\"elementor-element elementor-element-b33fc1c e-flex e-con-boxed e-con e-parent\" data-id=\"b33fc1c\" data-element_type=\"container\" data-e-type=\"container\">\n\t\t\t\t\t<div class=\"e-con-inner\">\n\t\t\t\t<div class=\"elementor-element elementor-element-06de283 elementor-widget elementor-widget-spacer\" data-id=\"06de283\" data-element_type=\"widget\" data-e-type=\"widget\" data-widget_type=\"spacer.default\">\n\t\t\t\t<div class=\"elementor-widget-container\">\n\t\t\t\t\t\t\t<div class=\"elementor-spacer\">\n\t\t\t<div class=\"elementor-spacer-inner\"><\/div>\n\t\t<\/div>\n\t\t\t\t\t\t<\/div>\n\t\t\t\t<\/div>\n\t\t\t\t\t<\/div>\n\t\t\t\t<\/div>\n\t\t\t\t<\/div>\n\t\t","protected":false},"excerpt":{"rendered":"<p>1. Titularitat Pel present av\u00eds es regula l&#8217;\u00fas del domini web https: \/\/www.falgasbarrabeig.com, del qual \u00e9s titular FB LEGAL SLP. Seguint el que es disposa en l&#8217;article 10 de la Llei 34\/2002, de Serveis de la Societat de la Informaci\u00f3 i de comer\u00e7 electr\u00f2nic, s&#8217;informa de les dades de contacte del Titular: Nom o Denominaci\u00f3 [&hellip;]<\/p>\n","protected":false},"author":1,"featured_media":0,"parent":0,"menu_order":0,"comment_status":"closed","ping_status":"open","template":"","meta":{"_acf_changed":false,"footnotes":""},"class_list":["post-1696","page","type-page","status-publish","hentry"],"acf":[],"_links":{"self":[{"href":"https:\/\/falgasbarrabeig.com\/ca\/wp-json\/wp\/v2\/pages\/1696","targetHints":{"allow":["GET"]}}],"collection":[{"href":"https:\/\/falgasbarrabeig.com\/ca\/wp-json\/wp\/v2\/pages"}],"about":[{"href":"https:\/\/falgasbarrabeig.com\/ca\/wp-json\/wp\/v2\/types\/page"}],"author":[{"embeddable":true,"href":"https:\/\/falgasbarrabeig.com\/ca\/wp-json\/wp\/v2\/users\/1"}],"replies":[{"embeddable":true,"href":"https:\/\/falgasbarrabeig.com\/ca\/wp-json\/wp\/v2\/comments?post=1696"}],"version-history":[{"count":0,"href":"https:\/\/falgasbarrabeig.com\/ca\/wp-json\/wp\/v2\/pages\/1696\/revisions"}],"wp:attachment":[{"href":"https:\/\/falgasbarrabeig.com\/ca\/wp-json\/wp\/v2\/media?parent=1696"}],"curies":[{"name":"wp","href":"https:\/\/api.w.org\/{rel}","templated":true}]}}